{"id":8278,"date":"2018-04-04T16:27:51","date_gmt":"2018-04-04T14:27:51","guid":{"rendered":"https:\/\/www.mkofler.at\/arno\/impressum\/"},"modified":"2020-10-22T21:20:58","modified_gmt":"2020-10-22T19:20:58","slug":"imprint","status":"publish","type":"page","link":"https:\/\/www.mkofler.at\/arno\/en\/imprint\/","title":{"rendered":"Imprint"},"content":{"rendered":"<p><section   class=\"fw-main-row-custom fw-main-row-top fw-section-no-padding  auto  fw-section-position-back tf-sh-dc96d4f6c648f46e44263cd2419821a3\"    >\n\t\t\t<div class=\"fw-container-fluid\" >\n\t\t<div class=\"fw-row\">\n\t<div id=\"column-69fb7fd505b02\" class=\"fw-col-sm-12 tf-sh-066edac9fe4ef4b1dde4096d2f8ee9af  fw-col-no-padding\" >\n\t<div class=\"fw-wrap-col-inner clearfix  \"   >\n\t\t\t\t<div class=\"fw-col-inner\">\n\t\t\t\n\t\t\t<!-- START Placeholder REVOLUTION SLIDER 6.1.8 --><p class=\"rs-p-wp-fix\"><\/p>\n\t\t\t<rs-module-wrap id=\"rev_slider_17_1_wrapper\" data-source=\"gallery\" style=\"background:transparent;padding:0;margin:0px auto;margin-top:0;margin-bottom:0;\">\n\t\t\t\t<rs-module id=\"rev_slider_17_1\" style=\"display:none;\" data-version=\"6.1.8\">\n\t\t\t\t\t<rs-slides>\n\t\t\t\t\t\t<rs-slide data-key=\"rs-31\" data-title=\"Slide\" data-duration=\"7000\" data-anim=\"ei:d;eo:d;s:d,d;r:0;t:slideleft,slideright;sl:d,d;\">\n\t\t\t\t\t\t\t<img loading=\"lazy\" decoding=\"async\" src=\"\/\/www.mkofler.at\/arno\/wp-content\/plugins\/revslider\/public\/assets\/assets\/dummy.png\" alt=\"Lagerentnahme einer Packung Wendeschneidplatten\" title=\"ak_ha\" width=\"2001\" height=\"801\" data-lazyload=\"\/\/www.mkofler.at\/arno\/wp-content\/uploads\/sites\/3\/2020\/03\/ak_ha.jpg\" data-parallax=\"off\" class=\"rev-slidebg\" data-no-retina>\n<!---->\t\t\t\t\t\t<\/rs-slide>\n\t\t\t\t\t<\/rs-slides>\n\t\t\t\t\t<rs-progress style=\"height: 5px; background: rgba(0,0,0,0.15);\"><\/rs-progress>\n\t\t\t\t<\/rs-module>\n\t\t\t\t<script type=\"text\/javascript\">\n\t\t\t\t\tsetREVStartSize({c: 'rev_slider_17_1',rl:[1240,1024,778,480],el:[600,450,500,400],gw:[1920,1024,778,480],gh:[600,450,500,400],type:'standard',justify:'',layout:'fullwidth',mh:\"0\"});\n\t\t\t\t\tvar\trevapi17,\n\t\t\t\t\t\ttpj;\n\t\t\t\t\tjQuery(function() {\n\t\t\t\t\t\ttpj = jQuery;\n\t\t\t\t\t\tif(tpj(\"#rev_slider_17_1\").revolution == undefined){\n\t\t\t\t\t\t\trevslider_showDoubleJqueryError(\"#rev_slider_17_1\");\n\t\t\t\t\t\t}else{\n\t\t\t\t\t\t\trevapi17 = tpj(\"#rev_slider_17_1\").show().revolution({\n\t\t\t\t\t\t\t\tjsFileLocation:\"\/\/www.mkofler.at\/arno\/wp-content\/plugins\/revslider\/public\/assets\/js\/\",\n\t\t\t\t\t\t\t\tsliderLayout:\"fullwidth\",\n\t\t\t\t\t\t\t\tduration:7000,\n\t\t\t\t\t\t\t\tvisibilityLevels:\"1240,1024,778,480\",\n\t\t\t\t\t\t\t\tgridwidth:\"1920,1024,778,480\",\n\t\t\t\t\t\t\t\tgridheight:\"600,450,500,400\",\n\t\t\t\t\t\t\t\tlazyType:\"smart\",\n\t\t\t\t\t\t\t\teditorheight:\"600,450,500,400\",\n\t\t\t\t\t\t\t\tresponsiveLevels:\"1240,1024,778,480\",\n\t\t\t\t\t\t\t\tnavigation: {\n\t\t\t\t\t\t\t\t\tmouseScrollNavigation:false,\n\t\t\t\t\t\t\t\t\tonHoverStop:false,\n\t\t\t\t\t\t\t\t\ttouch: {\n\t\t\t\t\t\t\t\t\t\ttouchenabled:true,\n\t\t\t\t\t\t\t\t\t\tswipe_min_touches:50\n\t\t\t\t\t\t\t\t\t}\n\t\t\t\t\t\t\t\t},\n\t\t\t\t\t\t\t\tparallax: {\n\t\t\t\t\t\t\t\t\tlevels:[2,3,4,5,6,7,12,16,10,50,47,48,49,50,51,55],\n\t\t\t\t\t\t\t\t\ttype:\"mouse\",\n\t\t\t\t\t\t\t\t\torigo:\"slidercenter\",\n\t\t\t\t\t\t\t\t\tspeed:2000\n\t\t\t\t\t\t\t\t},\n\t\t\t\t\t\t\t\tfallbacks: {\n\t\t\t\t\t\t\t\t\tallowHTML5AutoPlayOnAndroid:true\n\t\t\t\t\t\t\t\t},\n\t\t\t\t\t\t\t});\n\t\t\t\t\t\t}\n\t\t\t\t\t\t\n\t\t\t\t\t});\n\t\t\t\t<\/script>\n\t\t\t<\/rs-module-wrap>\n\t\t\t<!-- END REVOLUTION SLIDER -->\n\t\t<\/div>\n\t<\/div>\n<\/div><\/div>\n\n\t<\/div>\n\t<\/section><section   class=\"fw-main-row-custom fw-content-overlay-custom auto  fw-section-position-back tf-sh-769290c209d7cf5b8f5861d033987dff\"  style=\"margin-bottom:-43px; background-color:#ffffff;\"  >\n\t\t\t<div class=\"fw-container\" >\n\t\t<div class=\"fw-row\">\n\t<div id=\"column-69fb7fd50c9cf\" class=\"fw-col-sm-12 fw-mobile-hide-element tf-sh-09813795f41c44e05613cb8c677acda7  fw-col-no-padding\" >\n\t<div class=\"fw-wrap-col-inner clearfix  \"   >\n\t\t\t\t<div class=\"fw-col-inner\">\n\t\t\t<div class=\"fw-heading fw-heading-left  tf-sh-e0204e97ffbe64402a618ded27e229e3\" >\n\t\t\t<h2 class=\"fw-special-title\">IMPRINT<\/h2>\n\t\n\t\n\t<\/div>\t<div  class=\"fw-divider tf-sh-be9a829324bb8ebf09276045ea502628  fw-divider-align-left fw-line-solid fw-divider-line   fw_theme_border_only_color_1\"  style=\"width:115px; padding-top:20px; margin-bottom:20px; \" ><\/div>\n\t\t<\/div>\n\t<\/div>\n<\/div><\/div>\n\n<div class=\"fw-row\">\n\t<div id=\"column-69fb7fd50cea3\" class=\"fw-col-sm-12 tf-sh-baf7526246b6a2f586159298042eac7f  fw-col-no-padding\" >\n\t<div class=\"fw-wrap-col-inner clearfix  \"   >\n\t\t\t\t<div class=\"fw-col-inner\">\n\t\t\t<div class=\"fw-text-box tf-sh-e79997409d0ba4d930977e2231270818 \" >\n\t<div class=\"fw-text-inner\">\n\t\t<p><strong>METALL KOFLER GMBH<\/strong><br \/><a href=\"https:\/\/www.google.com\/maps\/place\/Metall+Kofler+GmbH\/@47.134216,11.3408794,17z\/data=!3m1!4b1!4m5!3m4!1s0x479d4159752c9e4d:0x5a314ae534034753!8m2!3d47.134216!4d11.3430681?hl=en\" target=\"_blank\" rel=\"noopener\">Industriezone B14<br \/>6166 Fulpmes \/ Austria<\/a><\/p>\n<p>T <a href=\"tel:0043522562712\">+43 5225 627 12<\/a><br \/>E <a href=\"mailto:mkofler@mkofler.at\">mkofler@mkofler.at<\/a><\/p>\n<p><strong>Managing Director:<\/strong> Ing. Michael Kofler<br \/><strong>Authorized representative:\u00a0<\/strong>Prokurist K\u00f6ssl Markus<br \/><strong>Supervisory Authority:\u00a0<\/strong>Bezirkshauptmannschaft, Innsbruck<br \/><strong>Register typet:<\/strong> Firmenbuch<br \/><strong>Register \/ Place:<\/strong> Landesgericht Innsbruck<br \/><strong>Registerno.:<\/strong> FN 55109<br \/><strong>Legal form:<\/strong> GmbH<br \/><strong>Angeh\u00f6rige Kammer:<\/strong>Wirtschaftskammer Tirol<\/p>\n<p><strong>Sales Tax ID:<\/strong> ATU 30 807 605<\/p>\n<p>Online-Streitbeilegung gem\u00e4\u00df Art. 14 Abs. 1 ODR-VO: Die Europ\u00e4ische Kommission stellt eine Plattform zur Online-Streitbeilegung (OS) bereit, die Sie unter <a href=\"http:\/\/ec.europa.eu\/consumers\/odr\/\" target=\"_blank\" rel=\"noopener\">http:\/\/ec.europa.eu\/consumers\/odr\/<\/a>finden. Dar\u00fcber hinaus nimmt unser Betrieb an einem Verbraucherstreitigkeitsverfahren nicht teil.<\/p>\n<p><strong><br \/>Concept<\/strong><br \/>Grafiklabor<br \/>Kalkenstra\u00dfe 30<br \/>6425 Haiming<\/p>\n<p><strong>Picture credit<\/strong><br \/>Clemens Kerber<\/p>\n\t<\/div>\n<\/div>\t\t<\/div>\n\t<\/div>\n<\/div><\/div>\n\n\t<\/div>\n\t<\/section><\/p>\n","protected":false},"excerpt":{"rendered":"<p>IMPRINT METALL KOFLER GMBHIndustriezone B146166 Fulpmes \/ Austria T +43 5225 627 12E mkofler@mkofler.at Managing Director: Ing. Michael KoflerAuthorized representative:\u00a0Prokurist K\u00f6ssl MarkusSupervisory Authority:\u00a0Bezirkshauptmannschaft, InnsbruckRegister typet: FirmenbuchRegister \/ Place: Landesgericht InnsbruckRegisterno.: FN 55109Legal form: GmbHAngeh\u00f6rige Kammer:Wirtschaftskammer Tirol Sales Tax ID: ATU 30 807 605 Online-Streitbeilegung gem\u00e4\u00df Art. 14 Abs. 1 ODR-VO: Die Europ\u00e4ische Kommission stellt eine [&hellip;]<\/p>\n","protected":false},"author":1,"featured_media":0,"parent":0,"menu_order":0,"comment_status":"closed","ping_status":"closed","template":"visual-builder-template.php","meta":{"footnotes":""},"class_list":["post-8278","page","type-page","status-publish","hentry"],"_links":{"self":[{"href":"https:\/\/www.mkofler.at\/arno\/en\/wp-json\/wp\/v2\/pages\/8278","targetHints":{"allow":["GET"]}}],"collection":[{"href":"https:\/\/www.mkofler.at\/arno\/en\/wp-json\/wp\/v2\/pages"}],"about":[{"href":"https:\/\/www.mkofler.at\/arno\/en\/wp-json\/wp\/v2\/types\/page"}],"author":[{"embeddable":true,"href":"https:\/\/www.mkofler.at\/arno\/en\/wp-json\/wp\/v2\/users\/1"}],"replies":[{"embeddable":true,"href":"https:\/\/www.mkofler.at\/arno\/en\/wp-json\/wp\/v2\/comments?post=8278"}],"version-history":[{"count":2,"href":"https:\/\/www.mkofler.at\/arno\/en\/wp-json\/wp\/v2\/pages\/8278\/revisions"}],"predecessor-version":[{"id":8280,"href":"https:\/\/www.mkofler.at\/arno\/en\/wp-json\/wp\/v2\/pages\/8278\/revisions\/8280"}],"wp:attachment":[{"href":"https:\/\/www.mkofler.at\/arno\/en\/wp-json\/wp\/v2\/media?parent=8278"}],"curies":[{"name":"wp","href":"https:\/\/api.w.org\/{rel}","templated":true}]}}