{"id":6439,"date":"2018-04-18T16:47:42","date_gmt":"2018-04-18T14:47:42","guid":{"rendered":"http:\/\/fensterfuchs.at\/test\/arno\/?page_id=6439"},"modified":"2020-03-09T12:59:47","modified_gmt":"2020-03-09T11:59:47","slug":"storemanager","status":"publish","type":"page","link":"https:\/\/www.mkofler.at\/arno\/storemanager\/","title":{"rendered":"Storemanager"},"content":{"rendered":"<p><section   class=\"fw-main-row-custom fw-main-row-top fw-section-no-padding  auto  fw-section-position-back tf-sh-dc96d4f6c648f46e44263cd2419821a3\"    >\n\t\t\t<div class=\"fw-container-fluid\" >\n\t\t<div class=\"fw-row\">\n\t<div id=\"column-69f27c82ee179\" class=\"fw-col-sm-12 tf-sh-066edac9fe4ef4b1dde4096d2f8ee9af  fw-col-no-padding\" >\n\t<div class=\"fw-wrap-col-inner clearfix  \"   >\n\t\t\t\t<div class=\"fw-col-inner\">\n\t\t\t\n\t\t\t<!-- START Placeholder REVOLUTION SLIDER 6.1.8 --><p class=\"rs-p-wp-fix\"><\/p>\n\t\t\t<rs-module-wrap id=\"rev_slider_17_1_wrapper\" data-source=\"gallery\" style=\"background:transparent;padding:0;margin:0px auto;margin-top:0;margin-bottom:0;\">\n\t\t\t\t<rs-module id=\"rev_slider_17_1\" style=\"display:none;\" data-version=\"6.1.8\">\n\t\t\t\t\t<rs-slides>\n\t\t\t\t\t\t<rs-slide data-key=\"rs-31\" data-title=\"Slide\" data-duration=\"7000\" data-anim=\"ei:d;eo:d;s:d,d;r:0;t:slideleft,slideright;sl:d,d;\">\n\t\t\t\t\t\t\t<img loading=\"lazy\" decoding=\"async\" src=\"\/\/www.mkofler.at\/arno\/wp-content\/plugins\/revslider\/public\/assets\/assets\/dummy.png\" alt=\"Lagerentnahme einer Packung Wendeschneidplatten\" title=\"ak_ha\" width=\"2001\" height=\"801\" data-lazyload=\"\/\/www.mkofler.at\/arno\/wp-content\/uploads\/sites\/3\/2020\/03\/ak_ha.jpg\" data-parallax=\"off\" class=\"rev-slidebg\" data-no-retina>\n<!---->\t\t\t\t\t\t<\/rs-slide>\n\t\t\t\t\t<\/rs-slides>\n\t\t\t\t\t<rs-progress style=\"height: 5px; background: rgba(0,0,0,0.15);\"><\/rs-progress>\n\t\t\t\t<\/rs-module>\n\t\t\t\t<script type=\"text\/javascript\">\n\t\t\t\t\tsetREVStartSize({c: 'rev_slider_17_1',rl:[1240,1024,778,480],el:[600,450,500,400],gw:[1920,1024,778,480],gh:[600,450,500,400],type:'standard',justify:'',layout:'fullwidth',mh:\"0\"});\n\t\t\t\t\tvar\trevapi17,\n\t\t\t\t\t\ttpj;\n\t\t\t\t\tjQuery(function() {\n\t\t\t\t\t\ttpj = jQuery;\n\t\t\t\t\t\tif(tpj(\"#rev_slider_17_1\").revolution == undefined){\n\t\t\t\t\t\t\trevslider_showDoubleJqueryError(\"#rev_slider_17_1\");\n\t\t\t\t\t\t}else{\n\t\t\t\t\t\t\trevapi17 = tpj(\"#rev_slider_17_1\").show().revolution({\n\t\t\t\t\t\t\t\tjsFileLocation:\"\/\/www.mkofler.at\/arno\/wp-content\/plugins\/revslider\/public\/assets\/js\/\",\n\t\t\t\t\t\t\t\tsliderLayout:\"fullwidth\",\n\t\t\t\t\t\t\t\tduration:7000,\n\t\t\t\t\t\t\t\tvisibilityLevels:\"1240,1024,778,480\",\n\t\t\t\t\t\t\t\tgridwidth:\"1920,1024,778,480\",\n\t\t\t\t\t\t\t\tgridheight:\"600,450,500,400\",\n\t\t\t\t\t\t\t\tlazyType:\"smart\",\n\t\t\t\t\t\t\t\teditorheight:\"600,450,500,400\",\n\t\t\t\t\t\t\t\tresponsiveLevels:\"1240,1024,778,480\",\n\t\t\t\t\t\t\t\tnavigation: {\n\t\t\t\t\t\t\t\t\tmouseScrollNavigation:false,\n\t\t\t\t\t\t\t\t\tonHoverStop:false,\n\t\t\t\t\t\t\t\t\ttouch: {\n\t\t\t\t\t\t\t\t\t\ttouchenabled:true,\n\t\t\t\t\t\t\t\t\t\tswipe_min_touches:50\n\t\t\t\t\t\t\t\t\t}\n\t\t\t\t\t\t\t\t},\n\t\t\t\t\t\t\t\tparallax: {\n\t\t\t\t\t\t\t\t\tlevels:[2,3,4,5,6,7,12,16,10,50,47,48,49,50,51,55],\n\t\t\t\t\t\t\t\t\ttype:\"mouse\",\n\t\t\t\t\t\t\t\t\torigo:\"slidercenter\",\n\t\t\t\t\t\t\t\t\tspeed:2000\n\t\t\t\t\t\t\t\t},\n\t\t\t\t\t\t\t\tfallbacks: {\n\t\t\t\t\t\t\t\t\tallowHTML5AutoPlayOnAndroid:true\n\t\t\t\t\t\t\t\t},\n\t\t\t\t\t\t\t});\n\t\t\t\t\t\t}\n\t\t\t\t\t\t\n\t\t\t\t\t});\n\t\t\t\t<\/script>\n\t\t\t<\/rs-module-wrap>\n\t\t\t<!-- END REVOLUTION SLIDER -->\n\t\t<\/div>\n\t<\/div>\n<\/div><\/div>\n\n\t<\/div>\n\t<\/section><section   class=\"fw-main-row-custom fw-content-overlay-custom auto  fw-section-position-back tf-sh-769290c209d7cf5b8f5861d033987dff\"  style=\"margin-bottom:-43px; background-color:#ffffff;\"  >\n\t\t\t<div class=\"fw-container\" >\n\t\t<div class=\"fw-row\">\n\t<div id=\"column-69f27c82f3655\" class=\"fw-col-sm-12 fw-mobile-hide-element tf-sh-09813795f41c44e05613cb8c677acda7  fw-col-no-padding\" >\n\t<div class=\"fw-wrap-col-inner clearfix  \"   >\n\t\t\t\t<div class=\"fw-col-inner\">\n\t\t\t<div class=\"fw-heading fw-heading-left  fw-heading-with-subtitle tf-sh-e0204e97ffbe64402a618ded27e229e3\" >\n\t\t\t<h2 class=\"fw-special-title\">ALLGEMEINE VERKAUFSBEDINGUNGEN<\/h2>\n\t\n\t\n\t\t\t<div class=\"fw-special-subtitle\">f\u00fcr Storemanager (Stand 01.05.2013)<\/div>\n\t<\/div>\t<div  class=\"fw-divider tf-sh-be9a829324bb8ebf09276045ea502628  fw-divider-align-left fw-line-solid fw-divider-line   fw_theme_border_only_color_1\"  style=\"width:115px; padding-top:20px; margin-bottom:20px; \" ><\/div>\n\t\t<\/div>\n\t<\/div>\n<\/div><\/div>\n\n<div class=\"fw-row\">\n\t<div id=\"column-69f27c82f3cb9\" class=\"fw-col-sm-12 tf-sh-baf7526246b6a2f586159298042eac7f  fw-col-no-padding\" >\n\t<div class=\"fw-wrap-col-inner clearfix  \"   >\n\t\t\t\t<div class=\"fw-col-inner\">\n\t\t\t<div class=\"fw-text-box tf-sh-e79997409d0ba4d930977e2231270818 \" >\n\t<div class=\"fw-text-inner\">\n\t\t<h4>1. Geltung<\/h4>\n<ul>\n<li>Die Lieferungen, Leistungen und Angebote erfolgen ausschlie\u00dflich aufgrund dieser Verkaufsbedingungen, entgegenstehende oder von unseren Verkaufsbedingungen abweichende Bedingungen des Kunden werden nicht anerkannt, es sei denn, es w\u00e4re ihrer Geltung ausdr\u00fccklich zugestimmt worden.<\/li>\n<li>Vertragserf\u00fcllungshandlungen gelten insofern nicht als Zustimmung zu von unseren Bedingungen abweichende Vertragsbedingungen.<\/li>\n<li>Diese Verkaufsbedingungen bilden die Grundlage f\u00fcr Rahmenvereinbarungen und f\u00fcr alle Rechtsgesch\u00e4fte zwischen der Metall Kofler Ges.m.b.H und deren Vertragspartner bei Produkten von Storetec-Systems.<\/li>\n<\/ul>\n<p>&nbsp;<\/p>\n<h4>2. Vertragsabschlu\u00df<\/h4>\n<ul>\n<li>Unsere Angebote sind freibleibend. Ein Vertragsangebot eines Kunden bedarf einer Auftragsbest\u00e4tigung. Das Absenden der vom Kunden bestellten Ware bewirkt den Vertragsabschluss. Werden Angebote an uns gerichtet, so ist der Anbietende f\u00fcr eine Frist von 8 Tagen ab Zugang des Angebotes an uns, daran gebunden.<\/li>\n<li>Wir sind erst dann zur Ausf\u00fchrung der Leistung verpflichtet, wenn alle technischen Einzelheiten gekl\u00e4rt sind und der Kunde allf\u00e4llige bauliche, technische und rechtliche Voraussetzungen zur Ausf\u00fchrung eindeutig erf\u00fcllt hat.<\/li>\n<li>Leistungen, die nicht ausdr\u00fccklich im Angebot oder in sonstigen von uns unterzeichneten Vertragsunterlagen enthalten sind, sind nicht geschuldet.<\/li>\n<li>Erfolgt die Ausf\u00fchrung der Leistungen aufgrund von vom Kunden \u00fcbergebenen Pl\u00e4nen, Grundrissen und Skizzen oder Anweisungen, garantiert uns dieser die Richtigkeit der beigestellten Unterlagen und Anweisungen. Eine Pr\u00fcf- und Warnpflicht unsererseits hinsichtlich dieser Unterlagen und Anweisungen besteht nicht. Sollte der Kunde eine \u00dcberpr\u00fcfung der von ihm beigestellten Gewerke, Ger\u00e4te, Maschinen oder Unterlagen w\u00fcnschen, so ist eine solche ausdr\u00fccklich zu vereinbaren und schuldet der Kunde hief\u00fcr ein angemessenes Entgelt.<\/li>\n<\/ul>\n<p>&nbsp;<\/p>\n<h4>3. Preis<\/h4>\n<ul>\n<li>Alle von uns genannten Preise sind, sofern nicht Anderes ausdr\u00fccklich vermerkt ist, exklusive Umsatzsteuer zu verstehen.<\/li>\n<li>Sollten sich die Lohnkosten aufgrund kollektivvertraglicher Regelungen in der Branche oder innerbetrieblicher Abschl\u00fcsse oder sollten sich andere, f\u00fcr die Kalkulation relevante Kostenstellen oder zur Leistungserstellung notwendige Kosten wie jene f\u00fcr Materialien, Energie, Transporte, Fremdarbeiten, Finanzierung etc. ver\u00e4ndern, so sind wir berechtigt, die Preise entsprechend zu erh\u00f6hen.<\/li>\n<\/ul>\n<p>&nbsp;<\/p>\n<h4>4. Kostenvoranschl\u00e4ge<\/h4>\n<ul>\n<li>Kostenvoranschl\u00e4ge sind nur verbindlich, wenn sie schriftlich erstellt und ausdr\u00fccklich als verbindlich bezeichnet sind; die Erstellung eines Kostenvoranschlages verpflichtet uns nicht zur Annahme des Auftrages.<\/li>\n<li>Kostensch\u00e4tzungen sind unverbindlich; eine Gew\u00e4hr f\u00fcr die Richtigkeit und Vollst\u00e4ndigkeit besteht nicht.<\/li>\n<li>Sofern es zur Leistungserbringung erforderlich ist, ist der Kunde verpflichtet, uns s\u00e4mtliche Spezifikationen und das beabsichtigte Einsatzgebiet genau schriftlich mitzuteilen.<\/li>\n<\/ul>\n<p>&nbsp;<\/p>\n<h4>5. Zahlungsbedingungen, Verzugszinsen<\/h4>\n<ul>\n<li>Mangels gegenteiliger Vereinbarung sind unsere Forderungen Zug um Zug gegen \u00dcbergabe der Ware bar zu bezahlen. Skontoabz\u00fcge bed\u00fcrfen einer gesonderten Vereinbarung. Im Falle des Zahlungsverzuges, auch mit Teilzahlungen, treten auch allf\u00e4llige Skontovereinbarungen au\u00dfer Kraft.<\/li>\n<li>Zahlungen des Kunden gelten erst mit dem Zeitpunkt des Einganges auf unserem Gesch\u00e4ftskonto bzw. \u00dcbernahme der Barzahlung durch uns als geleistet.<\/li>\n<li>Bei Zahlungsverzug des Kunden sind wir berechtigt, Verzugszinsen in H\u00f6he von 8 Prozentpunkten \u00fcber dem Basiszinssatz zu begehren.<\/li>\n<\/ul>\n<p>&nbsp;<\/p>\n<h4>6. Vertragsr\u00fccktritt<\/h4>\n<ul>\n<li>Bei Annahmeverzug (Pkt. 8.) oder anderen wichtigen Gr\u00fcnden, wie insbesondere Konkurs des Kunden oder Konkursabweisung mangels Verm\u00f6gens, sowie bei Zahlungsverzug des Kunden sind wir zum R\u00fccktritt vom Vertrag berechtigt, sofern er von beiden Seiten noch nicht zur G\u00e4nze erf\u00fcllt ist.<\/li>\n<li>F\u00fcr den Fall des R\u00fccktrittes haben wir \u2013 bei Verschulden des Kunden \u2013 die Wahl, einen pauschalierten Schadenersatz von 10 % des Bruttorechnungsbetrages oder den Ersatz des tats\u00e4chlich entstandenen Schadens zu begehren.<\/li>\n<li>Bei Zahlungsverzug des Kunden sind wir von allen weiteren Leistungs- und Lieferungsverpflichtungen entbunden und berechtigt, noch ausstehende Lieferungen oder Leistungen zur\u00fcckzuhalten und Vorauszahlungen bzw. Sicherstellungen zu fordern oder nach Setzung einer angemessenen Nachfrist vom Vertrag zur\u00fcckzutreten.<\/li>\n<li>Tritt der Kunde \u2013 ohne dazu berechtigt zu sein \u2013 vom Vertrag zur\u00fcck oder begehrt er seine Aufhebung, so haben wir die Wahl, auf die Erf\u00fcllung des Vertrages zu bestehen oder der Aufhebung des Vertrages zuzustimmen; im letzteren Fall ist der Kunde verpflichtet, nach unserer Wahl einen pauschalierten Schadenersatz in H\u00f6he von 15 % des Bruttorechnungsbetrages oder den tats\u00e4chlich entstandenen Schaden zu bezahlen.<\/li>\n<\/ul>\n<p>&nbsp;<\/p>\n<h4>7. Mahn- und Inkassospesen<\/h4>\n<ul>\n<li>Der Kunde verpflichtet sich, f\u00fcr den Fall des Verzuges, die uns entstehenden Mahn- und Inkassospesen, s\u00e4mtliche Kosten au\u00dfergerichtlicher und gerichtlicher Einbringungsma\u00dfnahmen, insbesondere die Kosten eines Inkassounternehmens oder eines Rechtsanwaltes zu ersetzen.<\/li>\n<\/ul>\n<p>&nbsp;<\/p>\n<h4>8. Lieferung, Transport, Annahmeverzug<\/h4>\n<ul>\n<li>Unsere reinen Verkaufspreise beinhalten keine Kosten f\u00fcr Zustellung, Montage oder Inbetriebnahme. Auf Wunsch werden jedoch diese Leistungen gegen gesonderte Bezahlung von uns erbracht bzw. organisiert. Dabei werden f\u00fcr Transport bzw. Zustellung die tats\u00e4chlich aufgewendeten Kosten, mindestens jedoch die am Auslieferungstag geltenden oder \u00fcblichen Frachtkosten der gew\u00e4hlten Transportart in Rechnung gestellt. Montagearbeiten werden nach Zeitaufwand berechnet, wobei ein Mannstundensatz von EUR 145,00 (Basis 2012 zuz\u00fcglich Umsatzsteuer in der gesetzlichen H\u00f6he; \u00c4nderungen vorbehalten) als vereinbart gilt.<\/li>\n<li>Der Kunde wird die anl\u00e4sslich des Kaufes \u00fcbergebenen Bedienungs- und Inbetriebnahmeanleitungen beachten, insbesondere Sorge daf\u00fcr tragen, dass vorgeschriebene Wartungsarbeiten fachgerecht durchgef\u00fchrt werden.<\/li>\n<li>Der Kunde verpflichtet sich, uns f\u00fcr s\u00e4mtliche Nachteile, die aus einer nicht ordnungsgem\u00e4\u00dfen Handhabung, Inbetriebnahme oder Verwahrung der von uns gelieferten Ware resultieren, vollkommen schad- und klaglos zu halten.<\/li>\n<li>Hat der Kunde die Ware nicht wie vereinbart \u00fcbernommen (Annahmeverzug), sind wir nach erfolgloser Nachfristsetzung berechtigt, die Ware entweder bei uns einzulagern, wof\u00fcr wir eine Lagergeb\u00fchr von 0,1 % des Bruttorechnungsbetrages pro angefangenem Kalendertag in Rechnung stellen oder auf Kosten und Gefahr des Kunden bei einem dazu befugten Dritten einzulagern.<\/li>\n<li>Gleichzeitig sind wir berechtigt, entweder auf Vertragserf\u00fcllung zu bestehen, oder nach Setzung einer angemessenen, mindestens 2 Wochen umfassenden Nachfrist vom Vertrag zur\u00fcckzutreten und die Ware anderweitig zu verwerten.<\/li>\n<\/ul>\n<p>&nbsp;<\/p>\n<h4>9. Lieferfrist<\/h4>\n<ul>\n<li>Zur Leistungsausf\u00fchrung sind wir erst dann verpflichtet, sobald der Kunde all seinen Verpflichtungen, die zur Ausf\u00fchrung erforderlich sind, nachgekommen ist, insbesondere alle technischen und vertraglichen Einzelheiten, Vorarbeiten und Vorbereitungsma\u00dfnahmen erf\u00fcllt.<\/li>\n<li>Sollten von uns die vereinbarten Termine und Lieferfristen \u00fcberschritten werden, ist der Kunde erst nach Ablauf einer angemessenen Nachfrist berechtigt, vom Vertrag zur\u00fcckzutreten.<\/li>\n<\/ul>\n<p>&nbsp;<\/p>\n<h4>10. Erf\u00fcllungsort<\/h4>\n<p>Erf\u00fcllungsort ist Innsbruck bzw. der Sitz unseres Unternehmens (gem\u00e4\u00df Firmenbuch).<br \/>&nbsp;<\/p>\n<h4>11. Geringf\u00fcgige Leistungs\u00e4nderungen<\/h4>\n<p>Geringf\u00fcgige oder sonstige f\u00fcr den Kunden zumutbare \u00c4nderungen unserer Leistungs- bzw. Lieferverpflichtung gelten vorweg als genehmigt. Dies gilt insbesondere f\u00fcr durch die Sache bedingte Abweichungen (z.B. bei Ma\u00dfen, Farben, Kunststoffen, Metallen, Zusammensetzung von Nichteisenmetallen, etc.).<br \/>&nbsp;<\/p>\n<h4>12. Gew\u00e4hrleistung, Untersuchungs- und R\u00fcgepflicht<\/h4>\n<ul>\n<li>Gew\u00e4hrleistungsanspr\u00fcche des Kunden erf\u00fcllen wir in allen F\u00e4llen prim\u00e4r durch Austausch, Reparatur innerhalb angemessener Frist oder zuletzt Preisminderung. Wandlung (Vertragsaufhebung) kann der Kunde nur begehren, wenn der Mangel wesentlich ist, nicht durch Austausch oder Reparatur behebbar ist und Preisminderung f\u00fcr den Kunden nicht zumutbar ist. Schadenersatzanspr\u00fcche des Kunden, die auf Behebung des Mangels durch Verbesserung oder Austausch zielen, k\u00f6nnen erst geltend gemacht werden, wenn wir mit der Erf\u00fcllung der Gew\u00e4hrleistungsanspr\u00fcche trotz qualifizierter Nachfristsetzung in Verzug geraten sind.<\/li>\n<li>Gew\u00e4hrleistungsanspr\u00fcche m\u00fcssen binnen eines Jahres ab Ablieferung der Sache gerichtlich geltend gemacht werden.<\/li>\n<li>Wird vom Kunden das Vorliegen eines Mangels behauptet, k\u00f6nnen daraus resultierende Anspr\u00fcche, insbesondere wegen Gew\u00e4hrleistung oder Schadenersatz, nur geltend gemacht werden, wenn der Kunde beweist, dass der Mangel bereits zum Zeitpunkt der Ablieferung der Ware vorhanden war; dies gilt auch innerhalb der ersten sechs Monate nach Ablieferung der Ware.<\/li>\n<li>Der Kunde hat die Ware nach der Ablieferung unverz\u00fcglich, l\u00e4ngstens aber binnen 6 Werktagen zu untersuchen. Dabei festgestellte M\u00e4ngel sind uns unverz\u00fcglich, l\u00e4ngstens aber binnen 3 Werktagen nach ihrer Entdeckung, unter Bekanntgabe von Art und Umfang des Mangels, schriftlich bekanntzugeben.<\/li>\n<li>Verdeckte M\u00e4ngel sind unverz\u00fcglich, l\u00e4ngstens aber binnen 3 Tagen nach ihrer Entdeckung, schriftlich zu r\u00fcgen. Wird eine M\u00e4ngelr\u00fcge nicht oder nicht rechtzeitig erhoben, so gilt die Ware als genehmigt.<\/li>\n<li>Unsere Verpflichtung zur Gew\u00e4hrleistung erlischt in jedem Fall mit Ablauf der Gew\u00e4hrleistungsfrist; ein dar\u00fcber hinaus gehender besonderer R\u00fcckgriff des Kunden gem\u00e4\u00df \u00a7 933b ABGB wegen selbst erf\u00fcllter Gew\u00e4hrleistungspflichten wird ausgeschlossen.<\/li>\n<li>Anspr\u00fcche aus der Gew\u00e4hrleistung erl\u00f6schen, wenn unsere Leistungen von Dritten oder vom Kunden selbst ge\u00e4ndert, erg\u00e4nzt oder bearbeitet worden sind oder bei mangelhafter Montage durch diesen.<\/li>\n<li>Keine Gew\u00e4hr besteht bei Besch\u00e4digung des Leistungsgegenstandes durch \u00e4u\u00dfere, etwa mechanische Einwirkungen, f\u00fcr Verschlei\u00dfteile oder sonstige Teile, die einer normalen Abn\u00fctzung unterliegen.<\/li>\n<li>Keine Gew\u00e4hr besteht weiters f\u00fcr ungeeignete oder unsachgem\u00e4\u00dfe Verwendung, normale Abn\u00fctzung, bei vers\u00e4umten Wartungsarbeiten, wenn diese empfohlen wurden, fehlerhafter oder nachl\u00e4ssiger Behandlung, sowie Verwendung ungeeigneter und\/oder unzureichender Betriebsmittel.<\/li>\n<\/ul>\n<p>&nbsp;<\/p>\n<h4>13. Schadenersatz<\/h4>\n<ul>\n<li>Au\u00dferhalb des Anwendungsbereichs des Produkthaftungsgesetzes wird f\u00fcr Sch\u00e4den gegen\u00fcber Kunden und\/oder Dritten nur insoweit gehaftet, als Vorsatz oder grobe Fahrl\u00e4ssigkeit nachgewiesen werden. Die Haftung f\u00fcr leichte Fahrl\u00e4ssigkeit, Folgesch\u00e4den, indirekte Sch\u00e4den, mittelbare Sch\u00e4den, entgangenen Gewinn, reine Verm\u00f6genssch\u00e4den und von Sch\u00e4den aus Anspr\u00fcchen Dritter ist ausgeschlossen. In jedem Fall ist unsere Haftung auf eine Schadenssumme iHv 50% des\u00a0gelieferten Nettowarenwerts begrenzt, wobei f\u00fcr die Berechnung die im kausalen Zusammenhang mit dem entstandenen Schaden stehende Lieferung ma\u00dfgeblich ist.<\/li>\n<li>Die Verj\u00e4hrungsfrist hinsichtlich behaupteter Schadenersatzanspr\u00fcche betr\u00e4gt zwei Jahre ab Gefahren\u00fcbergang.<\/li>\n<li>Diese Bestimmungen \u00fcber Schadenersatz gelten auch dann, wenn der Schadenersatzanspruch neben oder anstelle eines Gew\u00e4hrleistungsanspruches geltend gemacht wird.<\/li>\n<\/ul>\n<p>&nbsp;<\/p>\n<h4>14. Produkthaftung<\/h4>\n<p>Regressforderungen im Sinne des \u00a7 12 Produkthaftungsgesetzes sind ausgeschlossen, es sei denn, der Regressberechtigte weist nach, dass der Fehler in unserer Sph\u00e4re verursacht und zumindest grob fahrl\u00e4ssig verschuldet worden ist.<br \/>&nbsp;<\/p>\n<h4>15. Eigentumsvorbehalt und dessen Geltendmachung<\/h4>\n<ul>\n<li>Alle Waren werden von uns unter Eigentumsvorbehalt geliefert und bleiben bis zur vollst\u00e4ndigen Bezahlung unser Eigentum. In der Geltendmachung des Eigentumsvorbehaltes liegt nur dann ein R\u00fccktritt vom Vertrag, wenn dieser ausdr\u00fccklich erkl\u00e4rt wird.<\/li>\n<li>Bei Warenr\u00fccknahme sind wir berechtigt, angefallene Transport- und Manipulationsspesen zu verrechnen. Bei Zugriffen Dritter auf die Vorbehaltsware \u2013 insbesondere durch Pf\u00e4ndungen \u2013 verpflichtet sich der Kunde, auf unser Eigentum hinzuweisen und uns unverz\u00fcglich zu benachrichtigen.<\/li>\n<li>Ist der Kunde kein Unternehmer, zu dessen ordentlichem Gesch\u00e4ftsbetrieb der Handel mit den von uns erworbenen Waren geh\u00f6rt, darf er bis zur vollst\u00e4ndigen Begleichung der offenen Kaufpreisforderung \u00fcber die Vorbehaltsware nicht verf\u00fcgen, sie insbesondere nicht verkaufen, verpf\u00e4nden, verschenken oder verleihen.<\/li>\n<li>Der Kunde tr\u00e4gt das volle Risiko f\u00fcr die Vorbehaltsware, insbesondere f\u00fcr die Gefahr des Unterganges, des Verlustes oder der Verschlechterung.<\/li>\n<\/ul>\n<p>&nbsp;<\/p>\n<h4>16. Forderungsabtretungen \/ Zessionsverbot<\/h4>\n<ul>\n<li>Bei Lieferung unter Eigentumsvorbehalt tritt der Kunde uns schon jetzt seine Forderungen gegen\u00fcber Dritten, soweit diese durch Ver\u00e4u\u00dferung oder Verarbeitung unserer Waren entstehen, bis zur endg\u00fcltigen Bezahlung unserer Forderungen zahlungshalber ab.<\/li>\n<li>Der Kunde hat uns auf Verlangen seine Abnehmer zu nennen und diese rechtzeitig von der Zession zu verst\u00e4ndigen. Die Zession ist in den Gesch\u00e4ftsb\u00fcchern, insbesondere in der Offenen Posten-Liste einzutragen und auf Lieferscheinen, Fakturen etc. dem Abnehmer ersichtlich zu machen.<\/li>\n<li>Ist der Kunde mit seinen Zahlungen uns gegen\u00fcber im Verzug, so sind die bei ihm eingehenden Verkaufserl\u00f6se abzusondern und hat der Kunde diese nur in unserem Namen inne.<\/li>\n<li>Allf\u00e4llige Anspr\u00fcche gegen einen Versicherer sind in den Grenzen des \u00a7 15 Versicherungsvertragsgesetz bereits jetzt an uns abgetreten.<\/li>\n<li>Forderungen gegen uns d\u00fcrfen ohne unsere ausdr\u00fcckliche Zustimmung nicht abgetreten werden.<\/li>\n<\/ul>\n<p>&nbsp;<\/p>\n<h4>17. Zur\u00fcckbehaltung<\/h4>\n<p>Der Kunde ist auch bei gerechtfertigter Reklamation, au\u00dfer in den F\u00e4llen der R\u00fcckabwicklung, nicht zur Zur\u00fcckhaltung des gesamten, sondern nur eines angemessenen Teiles des Nettorechnungsbetrages berechtigt.<br \/>&nbsp;<\/p>\n<h4>18. Rechtswahl, Gerichtsstand<\/h4>\n<ul>\n<li>Es gilt \u00f6sterreichisches Recht.<\/li>\n<li>Die Anwendbarkeit des UN-Kaufrechtes sowie der Verweisungsnormen wird ausdr\u00fccklich ausgeschlossen.<\/li>\n<li>Die Vertragssprache ist Deutsch.<\/li>\n<li>Die Vertragsparteien vereinbaren \u00f6sterreichische, inl\u00e4ndische Gerichtsbarkeit. Zur Entscheidung aller aus diesem Vertrag entstehenden Streitigkeiten ist das am Sitz unseres Unternehmens sachlich zust\u00e4ndige Gericht ausschlie\u00dflich \u00f6rtlich zust\u00e4ndig.<\/li>\n<\/ul>\n<p>&nbsp;<\/p>\n<h4>19. Datenschutz, Adress\u00e4nderung und Urheberrecht<\/h4>\n<ul>\n<li>Der Kunde erteilt seine Zustimmung, dass auch die im Kaufvertrag mit enthaltenen personenbezogenen Daten in Erf\u00fcllung dieses Vertrages von uns automationsunterst\u00fctzt gespeichert und verarbeitet werden.<\/li>\n<li>Der Kunde ist uns gegen\u00fcber verpflichtet, \u00c4nderungen seiner Gesch\u00e4ftsadresse bekanntzugeben, solange das vertragsgegenst\u00e4ndliche Rechtsgesch\u00e4ft nicht beiderseitig vollst\u00e4ndig erf\u00fcllt ist. Wird die Mitteilung unterlassen, so gelten Erkl\u00e4rungen auch dann als zugegangen, falls sie an die zuletzt bekannt gegebene Adresse gesendet werden.<\/li>\n<li>Pl\u00e4ne, Skizzen oder sonstige technische Unterlagen bleiben ebenso wie Muster, Kataloge, Prospekte, Abbildungen und dergleichen stets unser geistiges Eigentum; der Kunde erh\u00e4lt daran keine wie immer gearteten Werknutzungs- oder Verwertungsrechte.<\/li>\n<\/ul>\n<p>&nbsp;<\/p>\n<h4>20. Sonstiges<\/h4>\n<ul>\n<li>Sollte eine Bestimmung dieser AGB ganz oder teilweise unwirksam sein oder aufgrund gesetzlicher Bestimmungen unwirksam werden, so bleiben die \u00fcbrigen Bestimmungen dieser AGB unver\u00e4ndert wirksam. Die Parteien verpflichten sich, die unwirksame Bestimmung durch eine wirksame Bestimmung jenen Inhalts zu ersetzen, die wirtschaftlich der unwirksamen Bestimmung am n\u00e4chsten kommt.<\/li>\n<li>Der Kunde nimmt zur Kenntnis und erteilt sein Einverst\u00e4ndnis, dass \u00c4nderungen der vorliegenden AGB erfolgen und der fortlaufenden Gesch\u00e4ftsbeziehung ab dem der Bekanntgabe folgenden Monat, sofern er sich nicht dagegen innerhalb von 4 Wochen ausspricht, zu Grunde gelegt werden und in Geltung treten.<\/li>\n<\/ul>\n\t<\/div>\n<\/div>\t\t<\/div>\n\t<\/div>\n<\/div><\/div>\n\n\t<\/div>\n\t<\/section><\/p>\n","protected":false},"excerpt":{"rendered":"<p>ALLGEMEINE VERKAUFSBEDINGUNGEN f\u00fcr Storemanager (Stand 01.05.2013) 1. Geltung Die Lieferungen, Leistungen und Angebote erfolgen ausschlie\u00dflich aufgrund dieser Verkaufsbedingungen, entgegenstehende oder von unseren Verkaufsbedingungen abweichende Bedingungen des Kunden werden nicht anerkannt, es sei denn, es w\u00e4re ihrer Geltung ausdr\u00fccklich zugestimmt worden. Vertragserf\u00fcllungshandlungen gelten insofern nicht als Zustimmung zu von unseren Bedingungen abweichende Vertragsbedingungen. Diese Verkaufsbedingungen bilden [&hellip;]<\/p>\n","protected":false},"author":1,"featured_media":0,"parent":0,"menu_order":0,"comment_status":"closed","ping_status":"closed","template":"visual-builder-template.php","meta":{"footnotes":""},"class_list":["post-6439","page","type-page","status-publish","hentry"],"_links":{"self":[{"href":"https:\/\/www.mkofler.at\/arno\/wp-json\/wp\/v2\/pages\/6439","targetHints":{"allow":["GET"]}}],"collection":[{"href":"https:\/\/www.mkofler.at\/arno\/wp-json\/wp\/v2\/pages"}],"about":[{"href":"https:\/\/www.mkofler.at\/arno\/wp-json\/wp\/v2\/types\/page"}],"author":[{"embeddable":true,"href":"https:\/\/www.mkofler.at\/arno\/wp-json\/wp\/v2\/users\/1"}],"replies":[{"embeddable":true,"href":"https:\/\/www.mkofler.at\/arno\/wp-json\/wp\/v2\/comments?post=6439"}],"version-history":[{"count":4,"href":"https:\/\/www.mkofler.at\/arno\/wp-json\/wp\/v2\/pages\/6439\/revisions"}],"predecessor-version":[{"id":8260,"href":"https:\/\/www.mkofler.at\/arno\/wp-json\/wp\/v2\/pages\/6439\/revisions\/8260"}],"wp:attachment":[{"href":"https:\/\/www.mkofler.at\/arno\/wp-json\/wp\/v2\/media?parent=6439"}],"curies":[{"name":"wp","href":"https:\/\/api.w.org\/{rel}","templated":true}]}}