{"id":6163,"date":"2018-03-30T12:48:55","date_gmt":"2018-03-30T10:48:55","guid":{"rendered":"http:\/\/fensterfuchs.at\/test\/metall\/?page_id=6163"},"modified":"2025-07-15T08:26:22","modified_gmt":"2025-07-15T06:26:22","slug":"impressum","status":"publish","type":"page","link":"https:\/\/www.mkofler.at\/metall\/impressum\/","title":{"rendered":"Impressum"},"content":{"rendered":"<p><section   class=\"fw-main-row-custom fw-main-row-top fw-section-no-padding  auto  fw-section-position-back tf-sh-e4744a126827ae6adfbf9890206850c6\"    >\n\t\t\t<div class=\"fw-container-fluid\" >\n\t\t<div class=\"fw-row\">\n\t<div id=\"column-69f223b9cdda8\" class=\"fw-col-sm-12 tf-sh-b4df48d11d5fa280473b3d1e2423e364  fw-col-no-padding\" >\n\t<div class=\"fw-wrap-col-inner clearfix  \"   >\n\t\t\t\t<div class=\"fw-col-inner\">\n\t\t\t\n\t\t\t<!-- START info REVOLUTION SLIDER 6.1.8 --><p class=\"rs-p-wp-fix\"><\/p>\n\t\t\t<rs-module-wrap id=\"rev_slider_21_1_wrapper\" data-source=\"gallery\" style=\"background:transparent;padding:0;margin:0px auto;margin-top:0;margin-bottom:0;\">\n\t\t\t\t<rs-module id=\"rev_slider_21_1\" style=\"display:none;\" data-version=\"6.1.8\">\n\t\t\t\t\t<rs-slides>\n\t\t\t\t\t\t<rs-slide data-key=\"rs-43\" data-title=\"Slide\" data-duration=\"7000\" data-anim=\"ei:d;eo:d;s:d,d;r:0;t:slideleft,slideright;sl:d,d;\">\n\t\t\t\t\t\t\t<img loading=\"lazy\" decoding=\"async\" src=\"\/\/www.mkofler.at\/metall\/wp-content\/plugins\/revslider\/public\/assets\/assets\/dummy.png\" title=\"Firmengeb\u00e4ude2000x800\" width=\"2000\" height=\"800\" data-lazyload=\"\/\/www.mkofler.at\/metall\/wp-content\/uploads\/sites\/2\/2022\/11\/Firmengebaeude2000x800.jpg\" data-bg=\"p:center top;\" data-parallax=\"off\" class=\"rev-slidebg\" data-no-retina alt=\"\">\n<!--\n\t\t\t\t\t\t\t--><rs-layer\n\t\t\t\t\t\t\t\tid=\"slider-21-slide-43-layer-6\" \n\t\t\t\t\t\t\t\tclass=\"tp-shape tp-shapewrapper\"\n\t\t\t\t\t\t\t\tdata-type=\"shape\"\n\t\t\t\t\t\t\t\tdata-rsp_ch=\"on\"\n\t\t\t\t\t\t\t\tdata-xy=\"x:l,l,l,c;xo:-803px,-803px,-803px,0;yo:0,0,0,-5px;\"\n\t\t\t\t\t\t\t\tdata-text=\"a:inherit;\"\n\t\t\t\t\t\t\t\tdata-dim=\"w:3516px;h:100%;\"\n\t\t\t\t\t\t\t\tdata-frame_0=\"tp:600;\"\n\t\t\t\t\t\t\t\tdata-frame_1=\"tp:600;st:50;sp:520;sR:50;\"\n\t\t\t\t\t\t\t\tdata-frame_999=\"o:0;tp:600;st:6510;sp:500;sR:5940;\"\n\t\t\t\t\t\t\t\tstyle=\"z-index:5;background-color:rgba(0,122,255,0.5);\"\n\t\t\t\t\t\t\t> \n\t\t\t\t\t\t\t<\/rs-layer><!--\n-->\t\t\t\t\t\t<\/rs-slide>\n\t\t\t\t\t<\/rs-slides>\n\t\t\t\t\t<rs-progress style=\"height: 5px; background: rgba(0,0,0,0.15);\"><\/rs-progress>\n\t\t\t\t<\/rs-module>\n\t\t\t\t<script type=\"text\/javascript\">\n\t\t\t\t\tsetREVStartSize({c: 'rev_slider_21_1',rl:[1240,1024,778,480],el:[850,768,500,400],gw:[1920,1024,778,480],gh:[850,768,500,400],type:'standard',justify:'',layout:'fullwidth',mh:\"0\"});\n\t\t\t\t\tvar\trevapi21,\n\t\t\t\t\t\ttpj;\n\t\t\t\t\tjQuery(function() {\n\t\t\t\t\t\ttpj = jQuery;\n\t\t\t\t\t\tif(tpj(\"#rev_slider_21_1\").revolution == undefined){\n\t\t\t\t\t\t\trevslider_showDoubleJqueryError(\"#rev_slider_21_1\");\n\t\t\t\t\t\t}else{\n\t\t\t\t\t\t\trevapi21 = tpj(\"#rev_slider_21_1\").show().revolution({\n\t\t\t\t\t\t\t\tjsFileLocation:\"\/\/www.mkofler.at\/metall\/wp-content\/plugins\/revslider\/public\/assets\/js\/\",\n\t\t\t\t\t\t\t\tsliderLayout:\"fullwidth\",\n\t\t\t\t\t\t\t\tduration:7000,\n\t\t\t\t\t\t\t\tvisibilityLevels:\"1240,1024,778,480\",\n\t\t\t\t\t\t\t\tgridwidth:\"1920,1024,778,480\",\n\t\t\t\t\t\t\t\tgridheight:\"850,768,500,400\",\n\t\t\t\t\t\t\t\tlazyType:\"smart\",\n\t\t\t\t\t\t\t\teditorheight:\"850,768,500,400\",\n\t\t\t\t\t\t\t\tresponsiveLevels:\"1240,1024,778,480\",\n\t\t\t\t\t\t\t\tnavigation: {\n\t\t\t\t\t\t\t\t\tmouseScrollNavigation:false,\n\t\t\t\t\t\t\t\t\tonHoverStop:false,\n\t\t\t\t\t\t\t\t\ttouch: {\n\t\t\t\t\t\t\t\t\t\ttouchenabled:true,\n\t\t\t\t\t\t\t\t\t\tswipe_min_touches:50\n\t\t\t\t\t\t\t\t\t}\n\t\t\t\t\t\t\t\t},\n\t\t\t\t\t\t\t\tparallax: {\n\t\t\t\t\t\t\t\t\tlevels:[2,3,4,5,6,7,12,16,10,50,47,48,49,50,51,55],\n\t\t\t\t\t\t\t\t\ttype:\"mouse\",\n\t\t\t\t\t\t\t\t\torigo:\"slidercenter\",\n\t\t\t\t\t\t\t\t\tspeed:2000\n\t\t\t\t\t\t\t\t},\n\t\t\t\t\t\t\t\tfallbacks: {\n\t\t\t\t\t\t\t\t\tallowHTML5AutoPlayOnAndroid:true\n\t\t\t\t\t\t\t\t},\n\t\t\t\t\t\t\t});\n\t\t\t\t\t\t}\n\t\t\t\t\t\t\n\t\t\t\t\t});\n\t\t\t\t<\/script>\n\t\t\t<\/rs-module-wrap>\n\t\t\t<!-- END REVOLUTION SLIDER -->\n\t\t<\/div>\n\t<\/div>\n<\/div><\/div>\n\n\t<\/div>\n\t<\/section><section  id=\"stuffwelove\" class=\"fw-main-row-custom  auto  fw-section-position-back tf-sh-61779e17507521a6f638d849880c316f\"  style=\" background-color:#ffffff;\"  >\n\t\t\t<div class=\"fw-container\" >\n\t\t<div class=\"fw-row\">\n\t<div id=\"column-69f223b9d6b74\" class=\"fw-col-sm-12 tf-sh-eeb4b854950090212d9d86fcb5dd0c95\" >\n\t<div class=\"fw-wrap-col-inner clearfix  \"   >\n\t\t\t\t<div class=\"fw-col-inner\">\n\t\t\t<div class=\"fw-heading fw-heading-left  fw-animated-element tf-sh-31fb3da9a1b8666210c792b2cacc33a8\"  data-animation-type=\"fadeInUp\" data-animation-delay=\"200\">\n\t\t\t<h2 class=\"fw-special-title\">IMPRESSUM<\/h2>\n\t\n\t\n\t<\/div>\t<div  class=\"fw-divider tf-sh-098d0e41f5c0876ce45014982099cbdc  fw-mobile-hide-element fw-animated-element fw-divider-align-left fw-line-solid fw-divider-line   fw_theme_border_only_color_2\"  data-animation-type=\"fadeInUp\" data-animation-delay=\"200\" style=\"width:115px; padding-top:40px; margin-bottom:40px; \" ><\/div>\n\t\t<\/div>\n\t<\/div>\n<\/div><\/div>\n\n<div class=\"fw-row\">\n\t<div id=\"column-69f223b9d70f9\" class=\"fw-col-sm-12 tf-sh-c0d2a9d03f029c50b3716c79c8c4ef55\" >\n\t<div class=\"fw-wrap-col-inner clearfix  \"   >\n\t\t\t\t<div class=\"fw-col-inner\">\n\t\t\t<div class=\"fw-text-box tf-sh-bf1f44da23a499fb1c05f31b68e0685e \" >\n\t<div class=\"fw-text-inner\">\n\t\t<p><strong>METALL KOFLER GMBH<\/strong><br \/><a href=\"https:\/\/www.google.com\/maps\/place\/Metall+Kofler+GmbH\/@47.134216,11.3408794,17z\/data=!3m1!4b1!4m5!3m4!1s0x479d4159752c9e4d:0x5a314ae534034753!8m2!3d47.134216!4d11.3430681?hl=en\" target=\"_blank\" rel=\"noopener\">Industriezone B14<br \/>6166 Fulpmes \/ Austria<\/a><\/p>\n<p>T <a href=\"tel:0043522562712\">+43 5225 627 12<\/a><br \/>E <a href=\"mailto:mkofler@mkofler.at\">mkofler@mkofler.at<\/a><\/p>\n<p><strong>Gesch\u00e4ftsf\u00fchrer:<\/strong> Ing. Michael Kofler<br \/><strong>Vertretungsberechtigte:\u00a0<\/strong>Prokurist Markus K\u00f6ssl<br \/><strong>Aufsichtsbeh\u00f6rde:\u00a0<\/strong>Bezirkshauptmannschaft, Innsbruck<br \/><strong>Registerart:<\/strong> Firmenbuch<br \/><strong>Register \/ Ort:<\/strong> Landesgericht Innsbruck<br \/><strong>Registernr.:<\/strong> 655286g<br \/><strong>Rechtsform:<\/strong> GmbH<br \/><strong>Angeh\u00f6rige Kammer:<\/strong> Wirtschaftskammer Tirol<\/p>\n<p><strong>Umsatzsteuer ID:<\/strong> ATU82282405<\/p>\n<p>Online-Streitbeilegung gem\u00e4\u00df Art. 14 Abs. 1 ODR-VO: Die Europ\u00e4ische Kommission stellt eine Plattform zur Online-Streitbeilegung (OS) bereit, die Sie unter <a href=\"http:\/\/ec.europa.eu\/consumers\/odr\/\" target=\"_blank\" rel=\"noopener\">http:\/\/ec.europa.eu\/consumers\/odr\/<\/a>finden. Dar\u00fcber hinaus nimmt unser Betrieb an einem Verbraucherstreitigkeitsverfahren nicht teil.<\/p>\n<p><strong><br \/>Konzept<\/strong><br \/>Grafiklabor<br \/>Kalkenstra\u00dfe 30<br \/>6425 Haiming<\/p>\n<p><strong>Bild- &amp; Textnachweis<\/strong><br \/>Clemens Kerber<\/p>\n\t<\/div>\n<\/div>\t\t<\/div>\n\t<\/div>\n<\/div><\/div>\n\n\t<\/div>\n\t<\/section><\/p>\n","protected":false},"excerpt":{"rendered":"<p>IMPRESSUM METALL KOFLER GMBHIndustriezone B146166 Fulpmes \/ Austria T +43 5225 627 12E mkofler@mkofler.at Gesch\u00e4ftsf\u00fchrer: Ing. Michael KoflerVertretungsberechtigte:\u00a0Prokurist Markus K\u00f6sslAufsichtsbeh\u00f6rde:\u00a0Bezirkshauptmannschaft, InnsbruckRegisterart: FirmenbuchRegister \/ Ort: Landesgericht InnsbruckRegisternr.: 655286gRechtsform: GmbHAngeh\u00f6rige Kammer: Wirtschaftskammer Tirol Umsatzsteuer ID: ATU82282405 Online-Streitbeilegung gem\u00e4\u00df Art. 14 Abs. 1 ODR-VO: Die Europ\u00e4ische Kommission stellt eine Plattform zur Online-Streitbeilegung (OS) bereit, die Sie unter http:\/\/ec.europa.eu\/consumers\/odr\/finden. [&hellip;]<\/p>\n","protected":false},"author":1,"featured_media":0,"parent":0,"menu_order":0,"comment_status":"closed","ping_status":"closed","template":"visual-builder-template.php","meta":{"footnotes":""},"class_list":["post-6163","page","type-page","status-publish","hentry"],"_links":{"self":[{"href":"https:\/\/www.mkofler.at\/metall\/wp-json\/wp\/v2\/pages\/6163","targetHints":{"allow":["GET"]}}],"collection":[{"href":"https:\/\/www.mkofler.at\/metall\/wp-json\/wp\/v2\/pages"}],"about":[{"href":"https:\/\/www.mkofler.at\/metall\/wp-json\/wp\/v2\/types\/page"}],"author":[{"embeddable":true,"href":"https:\/\/www.mkofler.at\/metall\/wp-json\/wp\/v2\/users\/1"}],"replies":[{"embeddable":true,"href":"https:\/\/www.mkofler.at\/metall\/wp-json\/wp\/v2\/comments?post=6163"}],"version-history":[{"count":30,"href":"https:\/\/www.mkofler.at\/metall\/wp-json\/wp\/v2\/pages\/6163\/revisions"}],"predecessor-version":[{"id":7565,"href":"https:\/\/www.mkofler.at\/metall\/wp-json\/wp\/v2\/pages\/6163\/revisions\/7565"}],"wp:attachment":[{"href":"https:\/\/www.mkofler.at\/metall\/wp-json\/wp\/v2\/media?parent=6163"}],"curies":[{"name":"wp","href":"https:\/\/api.w.org\/{rel}","templated":true}]}}