{"id":6272,"date":"2018-03-30T20:00:13","date_gmt":"2018-03-30T18:00:13","guid":{"rendered":"http:\/\/fensterfuchs.at\/test\/metall\/?page_id=6272"},"modified":"2018-04-04T16:25:26","modified_gmt":"2018-04-04T14:25:26","slug":"umweltpolitik","status":"publish","type":"page","link":"https:\/\/www.mkofler.at\/metall\/umweltpolitik\/","title":{"rendered":"Umweltpolitik"},"content":{"rendered":"<p><section   class=\"fw-main-row-custom fw-main-row-top fw-section-no-padding  auto  fw-section-position-back tf-sh-e4744a126827ae6adfbf9890206850c6\"    >\n\t\t\t<div class=\"fw-container-fluid\" >\n\t\t<div class=\"fw-row\">\n\t<div id=\"column-6a049d8deffd2\" class=\"fw-col-sm-12 tf-sh-b4df48d11d5fa280473b3d1e2423e364  fw-col-no-padding\" >\n\t<div class=\"fw-wrap-col-inner clearfix  \"   >\n\t\t\t\t<div class=\"fw-col-inner\">\n\t\t\t\n\t\t\t<!-- START info REVOLUTION SLIDER 6.1.8 --><p class=\"rs-p-wp-fix\"><\/p>\n\t\t\t<rs-module-wrap id=\"rev_slider_21_1_wrapper\" data-source=\"gallery\" style=\"background:transparent;padding:0;margin:0px auto;margin-top:0;margin-bottom:0;\">\n\t\t\t\t<rs-module id=\"rev_slider_21_1\" style=\"display:none;\" data-version=\"6.1.8\">\n\t\t\t\t\t<rs-slides>\n\t\t\t\t\t\t<rs-slide data-key=\"rs-43\" data-title=\"Slide\" data-duration=\"7000\" data-anim=\"ei:d;eo:d;s:d,d;r:0;t:slideleft,slideright;sl:d,d;\">\n\t\t\t\t\t\t\t<img loading=\"lazy\" decoding=\"async\" src=\"\/\/www.mkofler.at\/metall\/wp-content\/plugins\/revslider\/public\/assets\/assets\/dummy.png\" title=\"Firmengeb\u00e4ude2000x800\" width=\"2000\" height=\"800\" data-lazyload=\"\/\/www.mkofler.at\/metall\/wp-content\/uploads\/sites\/2\/2022\/11\/Firmengebaeude2000x800.jpg\" data-bg=\"p:center top;\" data-parallax=\"off\" class=\"rev-slidebg\" data-no-retina alt=\"\">\n<!--\n\t\t\t\t\t\t\t--><rs-layer\n\t\t\t\t\t\t\t\tid=\"slider-21-slide-43-layer-6\" \n\t\t\t\t\t\t\t\tclass=\"tp-shape tp-shapewrapper\"\n\t\t\t\t\t\t\t\tdata-type=\"shape\"\n\t\t\t\t\t\t\t\tdata-rsp_ch=\"on\"\n\t\t\t\t\t\t\t\tdata-xy=\"x:l,l,l,c;xo:-803px,-803px,-803px,0;yo:0,0,0,-5px;\"\n\t\t\t\t\t\t\t\tdata-text=\"a:inherit;\"\n\t\t\t\t\t\t\t\tdata-dim=\"w:3516px;h:100%;\"\n\t\t\t\t\t\t\t\tdata-frame_0=\"tp:600;\"\n\t\t\t\t\t\t\t\tdata-frame_1=\"tp:600;st:50;sp:520;sR:50;\"\n\t\t\t\t\t\t\t\tdata-frame_999=\"o:0;tp:600;st:6510;sp:500;sR:5940;\"\n\t\t\t\t\t\t\t\tstyle=\"z-index:5;background-color:rgba(0,122,255,0.5);\"\n\t\t\t\t\t\t\t> \n\t\t\t\t\t\t\t<\/rs-layer><!--\n-->\t\t\t\t\t\t<\/rs-slide>\n\t\t\t\t\t<\/rs-slides>\n\t\t\t\t\t<rs-progress style=\"height: 5px; background: rgba(0,0,0,0.15);\"><\/rs-progress>\n\t\t\t\t<\/rs-module>\n\t\t\t\t<script type=\"text\/javascript\">\n\t\t\t\t\tsetREVStartSize({c: 'rev_slider_21_1',rl:[1240,1024,778,480],el:[850,768,500,400],gw:[1920,1024,778,480],gh:[850,768,500,400],type:'standard',justify:'',layout:'fullwidth',mh:\"0\"});\n\t\t\t\t\tvar\trevapi21,\n\t\t\t\t\t\ttpj;\n\t\t\t\t\tjQuery(function() {\n\t\t\t\t\t\ttpj = jQuery;\n\t\t\t\t\t\tif(tpj(\"#rev_slider_21_1\").revolution == undefined){\n\t\t\t\t\t\t\trevslider_showDoubleJqueryError(\"#rev_slider_21_1\");\n\t\t\t\t\t\t}else{\n\t\t\t\t\t\t\trevapi21 = tpj(\"#rev_slider_21_1\").show().revolution({\n\t\t\t\t\t\t\t\tjsFileLocation:\"\/\/www.mkofler.at\/metall\/wp-content\/plugins\/revslider\/public\/assets\/js\/\",\n\t\t\t\t\t\t\t\tsliderLayout:\"fullwidth\",\n\t\t\t\t\t\t\t\tduration:7000,\n\t\t\t\t\t\t\t\tvisibilityLevels:\"1240,1024,778,480\",\n\t\t\t\t\t\t\t\tgridwidth:\"1920,1024,778,480\",\n\t\t\t\t\t\t\t\tgridheight:\"850,768,500,400\",\n\t\t\t\t\t\t\t\tlazyType:\"smart\",\n\t\t\t\t\t\t\t\teditorheight:\"850,768,500,400\",\n\t\t\t\t\t\t\t\tresponsiveLevels:\"1240,1024,778,480\",\n\t\t\t\t\t\t\t\tnavigation: {\n\t\t\t\t\t\t\t\t\tmouseScrollNavigation:false,\n\t\t\t\t\t\t\t\t\tonHoverStop:false,\n\t\t\t\t\t\t\t\t\ttouch: {\n\t\t\t\t\t\t\t\t\t\ttouchenabled:true,\n\t\t\t\t\t\t\t\t\t\tswipe_min_touches:50\n\t\t\t\t\t\t\t\t\t}\n\t\t\t\t\t\t\t\t},\n\t\t\t\t\t\t\t\tparallax: {\n\t\t\t\t\t\t\t\t\tlevels:[2,3,4,5,6,7,12,16,10,50,47,48,49,50,51,55],\n\t\t\t\t\t\t\t\t\ttype:\"mouse\",\n\t\t\t\t\t\t\t\t\torigo:\"slidercenter\",\n\t\t\t\t\t\t\t\t\tspeed:2000\n\t\t\t\t\t\t\t\t},\n\t\t\t\t\t\t\t\tfallbacks: {\n\t\t\t\t\t\t\t\t\tallowHTML5AutoPlayOnAndroid:true\n\t\t\t\t\t\t\t\t},\n\t\t\t\t\t\t\t});\n\t\t\t\t\t\t}\n\t\t\t\t\t\t\n\t\t\t\t\t});\n\t\t\t\t<\/script>\n\t\t\t<\/rs-module-wrap>\n\t\t\t<!-- END REVOLUTION SLIDER -->\n\t\t<\/div>\n\t<\/div>\n<\/div><\/div>\n\n\t<\/div>\n\t<\/section><section   class=\"fw-main-row-custom  auto  fw-section-position-back tf-sh-61779e17507521a6f638d849880c316f\"  style=\" background-color:#ffffff;\"  >\n\t\t\t<div class=\"fw-container\" >\n\t\t<div class=\"fw-row\">\n\t<div id=\"column-6a049d8e0241e\" class=\"fw-col-sm-12 tf-sh-eeb4b854950090212d9d86fcb5dd0c95\" >\n\t<div class=\"fw-wrap-col-inner clearfix  \"   >\n\t\t\t\t<div class=\"fw-col-inner\">\n\t\t\t<div class=\"fw-heading fw-heading-left  fw-heading-with-subtitle fw-animated-element tf-sh-31fb3da9a1b8666210c792b2cacc33a8\"  data-animation-type=\"fadeInUp\" data-animation-delay=\"200\">\n\t\t\t<h2 class=\"fw-special-title\">UMWELTPOLITIK & UMWELTSCHUTZ<\/h2>\n\t\n\t\n\t\t\t<div class=\"fw-special-subtitle\">der Metall Kofler GmbH<\/div>\n\t<\/div>\t<div  class=\"fw-divider tf-sh-098d0e41f5c0876ce45014982099cbdc  fw-mobile-hide-element fw-animated-element fw-divider-align-left fw-line-solid fw-divider-line   fw_theme_border_only_color_2\"  data-animation-type=\"fadeInUp\" data-animation-delay=\"200\" style=\"width:115px; padding-top:20px; margin-bottom:20px; \" ><\/div>\n\t\t<\/div>\n\t<\/div>\n<\/div><\/div>\n\n<div class=\"fw-row\">\n\t<div id=\"column-6a049d8e02bdb\" class=\"fw-col-sm-12 tf-sh-c0d2a9d03f029c50b3716c79c8c4ef55\" >\n\t<div class=\"fw-wrap-col-inner clearfix  \"   >\n\t\t\t\t<div class=\"fw-col-inner\">\n\t\t\t<div class=\"fw-text-box tf-sh-bf1f44da23a499fb1c05f31b68e0685e \" >\n\t<div class=\"fw-text-inner\">\n\t\t<h3>Unser Leitsatz: Umwelt verpflichtet<\/h3>\n<p>Wir sind ein Technologieunternehmen, das den Umweltschutz sehr ernst nimmt. Mit unseren Produkten bieten wir moderne wirtschaftliche und effektive Leistungen f\u00fcr den Bereich Zerspanungswerkzeuge.<\/p>\n<p>Bei der Herstellung unserer Produkte bedienen wir uns modernster Technologien, um die Umwelt zu entlasten und Ressourcen zu schonen. Gerade dies gibt Anlass gegen\u00fcber der \u00d6ffentlichkeit und Kunden aufzuzeigen, dass wir auch im Bereich der eigenen Produktion bestrebt sind, das technische und wirtschaftlich Machbare f\u00fcr die Belange des Umweltschutzes zu unternehmen und entsprechen damit auch den aus den Unternehmensgrunds\u00e4tzen ableitbaren Leitlinien der Umweltpolitik.<\/p>\n<p><strong>Wir bekennen uns zu zu folgenden umweltpolitischen Leitlinien:<\/strong><\/p>\n<p style=\"padding-left: 30px;\">a.) Die Verantwortung f\u00fcr den Umweltschutz beginnt bei der Unternehmensf\u00fchrung<br \/>b.) Wir betrachten den Umweltschutz als notwendige Ma\u00dfnahme zum Erreichen unserer Unternehmensziele. Die Verwirklichung der Unternehmensziele soll im Rahmen des finaziell\/technisch Machbaren erfolgen.\u00a0 Umweltbezogene Aspekte sind daher in die Entscheidungs- und Handlungsstruktur unseres Managmentsystems integriert. Wir verpflichten uns zur Einhaltung der Umweltgesetze und \u2013Vorschriften.<br \/>c.) Umweltschutz ist eine wesentliche F\u00fchrungsaufgabe. Die Vorgesetzten nehmen eine entscheidende Vorbildfunktion und Verantwortung wahr.<br \/>d.) F\u00fcr die Umsetzung der Umweltpolitik istz die Mitwirkung aller Mitarbeiter notwendig. Deshalb werden die Mitarbeiter aller Unternehmensbereiche umfassend informiert und in das Umweltschutzkonzept Integriert.<br \/>e.) Bei unseren Schulungsma\u00dfnahmen ist Umweltschutz ein fester Bestandteil. Wir informieren die Mitarbeiter \u00fcber Umweltma\u00dfnahmen unseres Unternehmens und\u00a0 motivieren sie im Rahmen zur Eigenverantwortung und umweltbewussten Verhalten an Ihrem Arbeitsplatz.<br \/>f.) Im Rahmen unserer j\u00e4hrlichen Zielvorgaben werden regelm\u00e4\u00dfig und m\u00f6glichst in quantifizierter Form die Fortschritte im betrieblichen Umweltschutz mit den Zielen und Programmen verglichen und bewertet.<br \/>g.) Unser Ziel ist es, Umweltschutzaspekte in den Entwicklungsprozessen der Produkte noch st\u00e4rker zu ber\u00fccksichtigen. Dabei achten wir auf Verbesserung der Funktionalit\u00e4t unserer Produkte bei gleichzeitig geringerem Ressourcenverbrauch<br \/>und auf Erh\u00f6hung der Umweltvertr\u00e4glichkeit der Herstellungsverfahren.<br \/>h.) F\u00fcr die wenigen, nach dem jetzigen Stand der Technik unvermeidlichen umweltkritischen T\u00e4tigkeiten und Verfahren arbeiten wir Notfallpl\u00e4ne aus, m\u00f6glichst mit den Beh\u00f6rden und den betroffenen Institutionen. Es werden notwendige<br \/>organisatorische und technische Ma\u00dfnahmen ergriffen, um st\u00f6rfallbedingte Freisetzung von gef\u00e4hrlichen Stoffen zu verhindern.<br \/>i.) Bei der Planung und Einf\u00fchrung neuer Verfahren orientieren wir uns am jeweils neuesten Stand der Technik.<br \/>j.) Durch entsprechende technische und organisatorische Ma\u00dfnahmen reduzieren wir das Aufkommen an Abfall und Reststoffen, umweltbelastenden Emissionen und Abw\u00e4ssern auf ein Mindestma\u00df. Die Auswirkungen der laufenden T\u00e4tigkeiten werden regelm\u00e4\u00dfig \u00fcberwacht.<br \/>k.) Wir nehmen auf unsere Lieferanten und Dienstleister im Sinne unserer Umweltpolitik Einfluss.<\/p>\n\t<\/div>\n<\/div>\t\t<\/div>\n\t<\/div>\n<\/div><\/div>\n\n\t<\/div>\n\t<\/section><\/p>\n","protected":false},"excerpt":{"rendered":"<p>UMWELTPOLITIK &#038; UMWELTSCHUTZ der Metall Kofler GmbH Unser Leitsatz: Umwelt verpflichtet Wir sind ein Technologieunternehmen, das den Umweltschutz sehr ernst nimmt. Mit unseren Produkten bieten wir moderne wirtschaftliche und effektive Leistungen f\u00fcr den Bereich Zerspanungswerkzeuge. Bei der Herstellung unserer Produkte bedienen wir uns modernster Technologien, um die Umwelt zu entlasten und Ressourcen zu schonen. Gerade [&hellip;]<\/p>\n","protected":false},"author":1,"featured_media":0,"parent":0,"menu_order":0,"comment_status":"closed","ping_status":"closed","template":"visual-builder-template.php","meta":{"footnotes":""},"class_list":["post-6272","page","type-page","status-publish","hentry"],"_links":{"self":[{"href":"https:\/\/www.mkofler.at\/metall\/wp-json\/wp\/v2\/pages\/6272","targetHints":{"allow":["GET"]}}],"collection":[{"href":"https:\/\/www.mkofler.at\/metall\/wp-json\/wp\/v2\/pages"}],"about":[{"href":"https:\/\/www.mkofler.at\/metall\/wp-json\/wp\/v2\/types\/page"}],"author":[{"embeddable":true,"href":"https:\/\/www.mkofler.at\/metall\/wp-json\/wp\/v2\/users\/1"}],"replies":[{"embeddable":true,"href":"https:\/\/www.mkofler.at\/metall\/wp-json\/wp\/v2\/comments?post=6272"}],"version-history":[{"count":9,"href":"https:\/\/www.mkofler.at\/metall\/wp-json\/wp\/v2\/pages\/6272\/revisions"}],"predecessor-version":[{"id":6386,"href":"https:\/\/www.mkofler.at\/metall\/wp-json\/wp\/v2\/pages\/6272\/revisions\/6386"}],"wp:attachment":[{"href":"https:\/\/www.mkofler.at\/metall\/wp-json\/wp\/v2\/media?parent=6272"}],"curies":[{"name":"wp","href":"https:\/\/api.w.org\/{rel}","templated":true}]}}