{"id":6496,"date":"2018-04-16T15:52:10","date_gmt":"2018-04-16T13:52:10","guid":{"rendered":"http:\/\/fensterfuchs.at\/test\/metall\/?page_id=6496"},"modified":"2026-04-13T16:23:29","modified_gmt":"2026-04-13T14:23:29","slug":"karriere","status":"publish","type":"page","link":"https:\/\/www.mkofler.at\/metall\/unternehmen\/karriere\/","title":{"rendered":"Karriere"},"content":{"rendered":"<p><section   class=\"fw-main-row-custom fw-main-row-top fw-section-no-padding  auto  fw-section-position-back tf-sh-dc96d4f6c648f46e44263cd2419821a3\"    >\n\t\t\t<div class=\"fw-container-fluid\" >\n\t\t<div class=\"fw-row\">\n\t<div id=\"column-69e17cb5c1cbc\" class=\"fw-col-sm-12 tf-sh-066edac9fe4ef4b1dde4096d2f8ee9af  fw-col-no-padding\" >\n\t<div class=\"fw-wrap-col-inner clearfix  \"   >\n\t\t\t\t<div class=\"fw-col-inner\">\n\t\t\t\n\t\t\t<!-- START karriere REVOLUTION SLIDER 6.1.8 --><p class=\"rs-p-wp-fix\"><\/p>\n\t\t\t<rs-module-wrap id=\"rev_slider_22_1_wrapper\" data-source=\"gallery\" style=\"background:transparent;padding:0;margin:0px auto;margin-top:0;margin-bottom:0;\">\n\t\t\t\t<rs-module id=\"rev_slider_22_1\" style=\"display:none;\" data-version=\"6.1.8\">\n\t\t\t\t\t<rs-slides>\n\t\t\t\t\t\t<rs-slide data-key=\"rs-47\" data-title=\"Slide\" data-duration=\"7000\" data-anim=\"ei:d;eo:d;s:d,d;r:0;t:slideleft,slideright;sl:d,d;\">\n\t\t\t\t\t\t\t<img loading=\"lazy\" decoding=\"async\" src=\"\/\/www.mkofler.at\/metall\/wp-content\/plugins\/revslider\/public\/assets\/assets\/dummy.png\" title=\"Firmengeb\u00e4ude2000x800\" width=\"2000\" height=\"800\" data-lazyload=\"\/\/www.mkofler.at\/metall\/wp-content\/uploads\/sites\/2\/2022\/11\/Firmengebaeude2000x800.jpg\" data-bg=\"p:center top;\" data-parallax=\"off\" class=\"rev-slidebg\" data-no-retina alt=\"\">\n<!--\n\t\t\t\t\t\t\t--><rs-layer\n\t\t\t\t\t\t\t\tid=\"slider-22-slide-47-layer-3\" \n\t\t\t\t\t\t\t\tclass=\"montserrat117white\"\n\t\t\t\t\t\t\t\tdata-type=\"text\"\n\t\t\t\t\t\t\t\tdata-color=\"rgba(255, 255, 255, 1)\"\n\t\t\t\t\t\t\t\tdata-rsp_ch=\"on\"\n\t\t\t\t\t\t\t\tdata-xy=\"x:c;yo:245px,310px,190px,142px;\"\n\t\t\t\t\t\t\t\tdata-text=\"s:113,90,65,50;l:60;ls:-5px;fw:700;\"\n\t\t\t\t\t\t\t\tdata-frame_0=\"y:-50px;tp:600;\"\n\t\t\t\t\t\t\t\tdata-frame_1=\"tp:600;e:easeOutCubic;st:1220;sp:500;sR:1220;\"\n\t\t\t\t\t\t\t\tdata-frame_999=\"y:-50px;o:0;tp:600;e:easeInCubic;st:6040;sp:500;sR:4320;\"\n\t\t\t\t\t\t\t\tstyle=\"z-index:6;font-family:Montserrat;\"\n\t\t\t\t\t\t\t>Lust auf \n\t\t\t\t\t\t\t<\/rs-layer><!--\n\n\t\t\t\t\t\t\t--><rs-layer\n\t\t\t\t\t\t\t\tid=\"slider-22-slide-47-layer-4\" \n\t\t\t\t\t\t\t\tclass=\"montserrat117white\"\n\t\t\t\t\t\t\t\tdata-type=\"text\"\n\t\t\t\t\t\t\t\tdata-rsp_ch=\"on\"\n\t\t\t\t\t\t\t\tdata-xy=\"x:c;yo:353px,379px,249px,191px;\"\n\t\t\t\t\t\t\t\tdata-text=\"s:113,90,65,50;l:60;ls:-5px;fw:700;\"\n\t\t\t\t\t\t\t\tdata-frame_0=\"y:-50px;tp:600;\"\n\t\t\t\t\t\t\t\tdata-frame_1=\"tp:600;e:easeOutCubic;st:1470;sp:500;sR:1470;\"\n\t\t\t\t\t\t\t\tdata-frame_999=\"y:-50px;o:0;tp:600;e:easeInCubic;st:6280;sp:500;sR:4310;\"\n\t\t\t\t\t\t\t\tstyle=\"z-index:7;font-family:Montserrat;\"\n\t\t\t\t\t\t\t>Karriere?\n \n\t\t\t\t\t\t\t<\/rs-layer><!--\n\n\t\t\t\t\t\t\t--><rs-layer\n\t\t\t\t\t\t\t\tid=\"slider-22-slide-47-layer-10\" \n\t\t\t\t\t\t\t\tclass=\"tp-shape tp-shapewrapper\"\n\t\t\t\t\t\t\t\tdata-type=\"shape\"\n\t\t\t\t\t\t\t\tdata-rsp_ch=\"on\"\n\t\t\t\t\t\t\t\tdata-xy=\"xo:-474px;\"\n\t\t\t\t\t\t\t\tdata-text=\"fw:700;a:inherit;\"\n\t\t\t\t\t\t\t\tdata-dim=\"w:3506px;h:100%;\"\n\t\t\t\t\t\t\t\tdata-frame_0=\"tp:600;\"\n\t\t\t\t\t\t\t\tdata-frame_1=\"tp:600;st:720;sp:500;sR:720;\"\n\t\t\t\t\t\t\t\tdata-frame_999=\"o:0;tp:600;st:6500;sp:500;sR:5280;\"\n\t\t\t\t\t\t\t\tstyle=\"z-index:5;background-color:rgba(0,122,255,0.5);\"\n\t\t\t\t\t\t\t> \n\t\t\t\t\t\t\t<\/rs-layer><!--\n-->\t\t\t\t\t\t<\/rs-slide>\n\t\t\t\t\t\t<rs-slide data-key=\"rs-48\" data-title=\"Slide\" data-duration=\"7000\" data-anim=\"ei:d;eo:d;s:d,d;r:,0;t:slideleft,slideright;sl:d,d;\">\n\t\t\t\t\t\t\t<img decoding=\"async\" src=\"\/\/www.mkofler.at\/metall\/wp-content\/plugins\/revslider\/public\/assets\/assets\/dummy.png\" title=\"Karriere\" data-lazyload=\"\/\/www.mkofler.at\/metall\/wp-content\/uploads\/sites\/2\/2018\/04\/DSC06671-Pano.jpg\" data-parallax=\"off\" class=\"rev-slidebg\" data-no-retina alt=\"\">\n<!---->\t\t\t\t\t\t<\/rs-slide>\n\t\t\t\t\t\t<rs-slide data-key=\"rs-49\" data-title=\"Slide\" data-duration=\"7000\" data-anim=\"ei:d;eo:d;s:d,d;r:,0;t:slideleft,slideright;sl:d,d;\">\n\t\t\t\t\t\t\t<img decoding=\"async\" src=\"\/\/www.mkofler.at\/metall\/wp-content\/plugins\/revslider\/public\/assets\/assets\/dummy.png\" title=\"Karriere\" data-lazyload=\"\/\/www.mkofler.at\/metall\/wp-content\/uploads\/sites\/2\/2018\/04\/mk_qs.jpg\" data-parallax=\"off\" class=\"rev-slidebg\" data-no-retina alt=\"\">\n<!---->\t\t\t\t\t\t<\/rs-slide>\n\t\t\t\t\t<\/rs-slides>\n\t\t\t\t\t<rs-progress style=\"height: 5px; background: rgba(0,0,0,0.15);\"><\/rs-progress>\n\t\t\t\t<\/rs-module>\n\t\t\t\t<script type=\"text\/javascript\">\n\t\t\t\t\tsetREVStartSize({c: 'rev_slider_22_1',rl:[1240,1024,778,480],el:[850,768,500,400],gw:[2560,1024,778,480],gh:[850,768,500,400],type:'standard',justify:'',layout:'fullwidth',mh:\"0\"});\n\t\t\t\t\tvar\trevapi22,\n\t\t\t\t\t\ttpj;\n\t\t\t\t\tjQuery(function() {\n\t\t\t\t\t\ttpj = jQuery;\n\t\t\t\t\t\tif(tpj(\"#rev_slider_22_1\").revolution == undefined){\n\t\t\t\t\t\t\trevslider_showDoubleJqueryError(\"#rev_slider_22_1\");\n\t\t\t\t\t\t}else{\n\t\t\t\t\t\t\trevapi22 = tpj(\"#rev_slider_22_1\").show().revolution({\n\t\t\t\t\t\t\t\tjsFileLocation:\"\/\/www.mkofler.at\/metall\/wp-content\/plugins\/revslider\/public\/assets\/js\/\",\n\t\t\t\t\t\t\t\tsliderLayout:\"fullwidth\",\n\t\t\t\t\t\t\t\tduration:7000,\n\t\t\t\t\t\t\t\tvisibilityLevels:\"1240,1024,778,480\",\n\t\t\t\t\t\t\t\tgridwidth:\"2560,1024,778,480\",\n\t\t\t\t\t\t\t\tgridheight:\"850,768,500,400\",\n\t\t\t\t\t\t\t\tlazyType:\"smart\",\n\t\t\t\t\t\t\t\teditorheight:\"850,768,500,400\",\n\t\t\t\t\t\t\t\tresponsiveLevels:\"1240,1024,778,480\",\n\t\t\t\t\t\t\t\tnavigation: {\n\t\t\t\t\t\t\t\t\tmouseScrollNavigation:false,\n\t\t\t\t\t\t\t\t\tonHoverStop:false,\n\t\t\t\t\t\t\t\t\ttouch: {\n\t\t\t\t\t\t\t\t\t\ttouchenabled:true,\n\t\t\t\t\t\t\t\t\t\tswipe_min_touches:50\n\t\t\t\t\t\t\t\t\t}\n\t\t\t\t\t\t\t\t},\n\t\t\t\t\t\t\t\tparallax: {\n\t\t\t\t\t\t\t\t\tlevels:[2,3,4,5,6,7,12,16,10,50,47,48,49,50,51,55],\n\t\t\t\t\t\t\t\t\ttype:\"mouse\",\n\t\t\t\t\t\t\t\t\torigo:\"slidercenter\",\n\t\t\t\t\t\t\t\t\tspeed:2000\n\t\t\t\t\t\t\t\t},\n\t\t\t\t\t\t\t\tfallbacks: {\n\t\t\t\t\t\t\t\t\tallowHTML5AutoPlayOnAndroid:true\n\t\t\t\t\t\t\t\t},\n\t\t\t\t\t\t\t});\n\t\t\t\t\t\t}\n\t\t\t\t\t\t\n\t\t\t\t\t});\n\t\t\t\t<\/script>\n\t\t\t<\/rs-module-wrap>\n\t\t\t<!-- END REVOLUTION SLIDER -->\n\t\t<\/div>\n\t<\/div>\n<\/div><\/div>\n\n\t<\/div>\n\t<\/section><section   class=\"fw-main-row-custom fw-section-no-padding  auto  fw-section-position-back tf-sh-dd3014150371646a15c835c9aa649b1c\"  style=\" background-color:#ffffff;\"  >\n\t\t\t<div class=\"fw-container\" style=\"background-color:#ffffff;\">\n\t\t<div class=\"fw-row\">\n\t<div id=\"column-69e17cb5c8532\" class=\"fw-col-sm-12 fw-mobile-hide-element tf-sh-4d2c9468b09543151d9a8dedb0b23948  fw-col-no-padding\" >\n\t<div class=\"fw-wrap-col-inner clearfix  \"   >\n\t\t\t\t<div class=\"fw-col-inner\">\n\t\t\t<div class=\"fw-divider-space  fw-custom-space  clearfix\" style=\"height:143px;\" ><\/div><div class=\"fw-text-box tf-sh-70a4cbe3939db48af28d8714ee65da08 \" >\n\t<div class=\"fw-text-inner\">\n\t\t<p style=\"text-align: center;\">Starten Sie eine Karriere mit Zukunft!<\/p>\n\t<\/div>\n<\/div><div class=\"fw-divider-space  fw-custom-space  clearfix\" style=\"height:100px;\" ><\/div><div class=\"fw-text-box tf-sh-bd6f6ae66ca19d44a9a2768196ffebc7  fw-animated-element\"  data-animation-type=\"fadeInUp\" data-animation-delay=\"200\">\n\t<div class=\"fw-text-inner\">\n\t\t<p style=\"text-align: center;\">Die Metall Kofler GmbH ist ein international t\u00e4tiges <strong>Tiroler Familienunternehmen<\/strong> mit Sitz in <strong>Fulpmes im Stubaital<\/strong>. Der Standort ist von Innsbruck in ca. 20-25 Minuten mit dem Auto\u00a0 erreichbar. Auch eine <strong>gute Busanbindung<\/strong> mit regelm\u00e4\u00dfigen Abfahrtszeiten und eine Bushaltestelle in der n\u00e4he des Firmenstandortes ist vorhanden.<\/p>\n<p style=\"text-align: center;\">Wir besch\u00e4ftigen uns mit der Herstellung von unterschiedlichen <strong>Zerspanungswerkzeugen<\/strong>, mit dem Fokus auf kundenorientierten Sonderl\u00f6sungen. Dabei blicken wir auf mittlerweile<strong> 50 Jahre Erfahrung<\/strong> im Bereich Entwicklung und Produktion zur\u00fcck. Des Weiteren haben wir uns unter der Marke \u201eArno Kofler\u201c einen guten Ruf im Vertrieb von Zerspanungswerkzeugen in \u00d6sterreich und Slowenien aufgebaut. F\u00fcr den Ausbau unseres <strong>qualifizierten<\/strong> und <strong>erfahrenen Teams<\/strong> sind wir daher st\u00e4ndig auf der Suche nach <strong>motivierten Mitarbeiter:innen<\/strong>.<\/p>\n\t<\/div>\n<\/div><div class=\"fw-divider-space  fw-custom-space  clearfix\" style=\"height:100px;\" ><\/div>\t\t<\/div>\n\t<\/div>\n<\/div><\/div>\n\n<div class=\"fw-row\">\n\t<div id=\"column-69e17cb5c8b76\" class=\"fw-col-sm-2 fw-mobile-hide-element tf-sh-03b09d7179983162ef2109c0b22693f6  fw-col-no-padding\" >\n\t<div class=\"fw-wrap-col-inner clearfix  \"   >\n\t\t\t\t<div class=\"fw-col-inner\">\n\t\t\t\t\t<\/div>\n\t<\/div>\n<\/div><div id=\"column-69e17cb5c8c1e\" class=\"fw-col-sm-2 fw-mobile-hide-element tf-sh-ad9e5d3e70be266d4fa89f8a6b1b331c  fw-col-no-padding\" >\n\t<div class=\"fw-wrap-col-inner clearfix  \"   >\n\t\t\t\t<div class=\"fw-col-inner\">\n\t\t\t\t\t<\/div>\n\t<\/div>\n<\/div><div id=\"column-69e17cb5c8c89\" class=\"fw-col-sm-2 fw-mobile-hide-element tf-sh-76e22406fca2ad8ef8f4cea5ce267085  fw-col-no-padding\" >\n\t<div class=\"fw-wrap-col-inner clearfix  \"   >\n\t\t\t\t<div class=\"fw-col-inner\">\n\t\t\t\t\t<\/div>\n\t<\/div>\n<\/div><div id=\"column-69e17cb5c8d04\" class=\"fw-col-sm-2 fw-mobile-hide-element tf-sh-5a36b23a00a58a7591b976ebd1aed3df  fw-col-no-padding\" >\n\t<div class=\"fw-wrap-col-inner clearfix  \"   >\n\t\t\t\t<div class=\"fw-col-inner\">\n\t\t\t\t\t<\/div>\n\t<\/div>\n<\/div><div id=\"column-69e17cb5c8d77\" class=\"fw-col-sm-2 fw-mobile-hide-element tf-sh-83fe1c3c49ec59e69815e076a15f17e7  fw-col-no-padding\" >\n\t<div class=\"fw-wrap-col-inner clearfix  \"   >\n\t\t\t\t<div class=\"fw-col-inner\">\n\t\t\t\t\t<\/div>\n\t<\/div>\n<\/div><\/div>\n\n<div class=\"fw-row\">\n\t<div id=\"column-69e17cb5c8f47\" class=\"fw-col-sm-12 fw-col-md-8 tf-sh-b1aebd95200f93c58a1755393a6fa828  fw-animated-element fw-col-no-padding\" data-animation-type=\"fadeInRight\" data-animation-delay=\"400\">\n\t<div class=\"fw-wrap-col-inner clearfix  \"   >\n\t\t\t\t<div class=\"fw-col-inner\">\n\t\t\t<div class=\"fw-heading fw-heading-center story-heading tf-sh-a20555000b33916e46d865936b563544\" >\n\t\t\t<h4 class=\"fw-special-title\">Mitarbeiter Lager & Versand( m\/w\/d)<\/h4>\n\t\n\t\n\t<\/div><div class=\"fw-divider-space  fw-custom-space  clearfix\" style=\"height:15px;\" ><\/div><div class=\"fw-text-box tf-sh-7cad5369d6ee3f73062291576dc2efd7 \" >\n\t<div class=\"fw-text-inner\">\n\t\t<p style=\"text-align: center;\">F\u00fcr den Ausbau unseres qualifizierten und erfahrenen Teams suchen wir eine motivierte<br \/>Person f\u00fcr die Erweiterung unseres Teams in der Lagerlogistik.<\/p>\n\t<\/div>\n<\/div><div class=\"fw-divider-space  fw-custom-space  clearfix\" style=\"height:15px;\" ><\/div><div class=\"text-center\">\t<a href=\"https:\/\/www.mkofler.at\/metall\/unternehmen\/karriere\/lagerlogisitik\/\" target=\"_self\" class=\"fw-btn tf-sh-9504824d9cfb9f49fcd02ea60dcb5e34  fw-btn-md  fw-btn-1\"  style=\"\">\n\t\t<span >\n\t\t\tZur Stellenbeschreibung<i class=\"pull-right-icon fa fa-angle-right\" style=\"font-size:12px;\"><\/i>\t\t<\/span>\n\t<\/a>\n<\/div><div class=\"fw-divider-space  fw-custom-space  clearfix\" style=\"height:15px;\" ><\/div>\t<div  class=\"fw-divider tf-sh-2da805edf1500c26ba1d3e76df9e9255  fw-divider-align-left fw-divider-full-width fw-line-solid fw-divider-line space-md  fw_theme_border_only_color_2\"  style=\"width: auto;  \" ><\/div>\n\t\t<\/div>\n\t<\/div>\n<\/div><div id=\"column-69e17cb5c925d\" class=\"fw-col-sm-2 fw-mobile-hide-element tf-sh-e4e350552ec43c98afe8ec448220fc97  fw-col-no-padding\" >\n\t<div class=\"fw-wrap-col-inner clearfix  \"   >\n\t\t\t\t<div class=\"fw-col-inner\">\n\t\t\t\t\t<\/div>\n\t<\/div>\n<\/div><div id=\"column-69e17cb5c92ad\" class=\"fw-col-sm-2 fw-mobile-hide-element tf-sh-8ca66ccc422a646b3b0a4e690771d310  fw-col-no-padding\" >\n\t<div class=\"fw-wrap-col-inner clearfix  \"   >\n\t\t\t\t<div class=\"fw-col-inner\">\n\t\t\t\t\t<\/div>\n\t<\/div>\n<\/div><\/div>\n\n<div class=\"fw-row\">\n\t<div id=\"column-69e17cb5c93a2\" class=\"fw-col-sm-12 fw-col-md-8 tf-sh-fed77f4711cced967f2477bdf91da72f  fw-animated-element fw-col-no-padding\" data-animation-type=\"fadeInRight\" data-animation-delay=\"400\">\n\t<div class=\"fw-wrap-col-inner clearfix  \"   >\n\t\t\t\t<div class=\"fw-col-inner\">\n\t\t\t<div class=\"fw-heading fw-heading-center story-heading tf-sh-0c672eaec999ffb14d49404d78ab65c6\" >\n\t\t\t<h4 class=\"fw-special-title\">Vertriebsinnendienst (m\/w\/d)<\/h4>\n\t\n\t\n\t<\/div><div class=\"fw-divider-space  fw-custom-space  clearfix\" style=\"height:15px;\" ><\/div><div class=\"fw-text-box tf-sh-79a5146e121266ce94b42ce3652454ba \" >\n\t<div class=\"fw-text-inner\">\n\t\t<p style=\"text-align: center;\">F\u00fcr den Ausbau unseres qualifizierten und erfahrenen Teams suchen wir eine motivierte<br \/>Person f\u00fcr die Erweiterung unseres Teams im Vertriebsinnendienst.<\/p>\n\t<\/div>\n<\/div><div class=\"fw-divider-space  fw-custom-space  clearfix\" style=\"height:15px;\" ><\/div><div class=\"text-center\">\t<a href=\"https:\/\/www.mkofler.at\/metall\/unternehmen\/karriere\/sachbearbeiterinnendienst\/\" target=\"_self\" class=\"fw-btn tf-sh-a2db325c7d4a892f2ec38629b1b0a0a4  fw-btn-md  fw-btn-1\"  style=\"\">\n\t\t<span >\n\t\t\tZur Stellenbeschreibung<i class=\"pull-right-icon fa fa-angle-right\" style=\"font-size:12px;\"><\/i>\t\t<\/span>\n\t<\/a>\n<\/div><div class=\"fw-divider-space  fw-custom-space  clearfix\" style=\"height:15px;\" ><\/div>\t<div  class=\"fw-divider tf-sh-a994c7bfd5aaf273b8b92b440e265b86  fw-divider-align-left fw-divider-full-width fw-line-solid fw-divider-line space-md  fw_theme_border_only_color_2\"  style=\"width: auto;  \" ><\/div>\n\t\t<\/div>\n\t<\/div>\n<\/div><div id=\"column-69e17cb5c95e5\" class=\"fw-col-sm-2 fw-mobile-hide-element tf-sh-41af013f830f70e20ee271999b1fca21  fw-col-no-padding\" >\n\t<div class=\"fw-wrap-col-inner clearfix  \"   >\n\t\t\t\t<div class=\"fw-col-inner\">\n\t\t\t\t\t<\/div>\n\t<\/div>\n<\/div><div id=\"column-69e17cb5c9632\" class=\"fw-col-sm-2 fw-mobile-hide-element tf-sh-1d0569058027de60edb662c77a2c639f  fw-col-no-padding\" >\n\t<div class=\"fw-wrap-col-inner clearfix  \"   >\n\t\t\t\t<div class=\"fw-col-inner\">\n\t\t\t\t\t<\/div>\n\t<\/div>\n<\/div><\/div>\n\n<div class=\"fw-row\">\n\t<div id=\"column-69e17cb5c96fd\" class=\"fw-col-sm-12 fw-col-md-8 tf-sh-3246735228990733417d9452fdf6f76d  fw-animated-element fw-col-no-padding\" data-animation-type=\"fadeInRight\" data-animation-delay=\"400\">\n\t<div class=\"fw-wrap-col-inner clearfix  \"   >\n\t\t\t\t<div class=\"fw-col-inner\">\n\t\t\t<div class=\"fw-heading fw-heading-center story-heading tf-sh-f638405029ca24758430e046e3901fc9\" >\n\t\t\t<h4 class=\"fw-special-title\">Lehrberuf - Zerspanungstechniker*in<\/h4>\n\t\n\t\n\t<\/div><div class=\"fw-divider-space  fw-custom-space  clearfix\" style=\"height:15px;\" ><\/div><div class=\"fw-text-box tf-sh-d4bce6c66e3b3cee972ea56ad04403e1 \" >\n\t<div class=\"fw-text-inner\">\n\t\t<p style=\"text-align: center;\">F\u00fcr den Ausbau unseres qualifizierten und erfahrenen Teams suchen wir mehrere motivierte Personen f\u00fcr den Lehrberuf Zerspanungstechniker*in.<\/p>\n\t<\/div>\n<\/div><div class=\"fw-divider-space  fw-custom-space  clearfix\" style=\"height:15px;\" ><\/div><div class=\"text-center\">\t<a href=\"https:\/\/www.mkofler.at\/metall\/unternehmen\/karriere\/lehre-zerspanung\/\" target=\"_self\" class=\"fw-btn tf-sh-a72fbea80493214e3c66af8234137d34  fw-btn-md  fw-btn-1\"  style=\"\">\n\t\t<span >\n\t\t\tZur Stellenbeschreibung<i class=\"pull-right-icon fa fa-angle-right\" style=\"font-size:12px;\"><\/i>\t\t<\/span>\n\t<\/a>\n<\/div><div class=\"fw-divider-space  fw-custom-space  clearfix\" style=\"height:15px;\" ><\/div>\t<div  class=\"fw-divider tf-sh-33a145ef82eb92c5ef0714ae7749d781  fw-divider-align-left fw-divider-full-width fw-line-solid fw-divider-line space-md  fw_theme_border_only_color_2\"  style=\"width: auto;  \" ><\/div>\n\t\t<\/div>\n\t<\/div>\n<\/div><div id=\"column-69e17cb5c9929\" class=\"fw-col-sm-2 fw-mobile-hide-element tf-sh-6ddee206a3dd5136d380f7ba964f7339  fw-col-no-padding\" >\n\t<div class=\"fw-wrap-col-inner clearfix  \"   >\n\t\t\t\t<div class=\"fw-col-inner\">\n\t\t\t\t\t<\/div>\n\t<\/div>\n<\/div><\/div>\n\n<div class=\"fw-row\">\n\t<div id=\"column-69e17cb5c99ea\" class=\"fw-col-sm-12 fw-col-md-8 tf-sh-ef37f37f34ecfc873dab02bc5faa197c  fw-animated-element fw-col-no-padding\" data-animation-type=\"fadeInRight\" data-animation-delay=\"400\">\n\t<div class=\"fw-wrap-col-inner clearfix  \"   >\n\t\t\t\t<div class=\"fw-col-inner\">\n\t\t\t<div class=\"fw-heading fw-heading-center story-heading tf-sh-de64b4597dbbe7f9831bcf77f3418b47\" >\n\t\t\t<h4 class=\"fw-special-title\">Noch kein passendes Jobangebot gefunden?<\/h4>\n\t\n\t\n\t<\/div><div class=\"fw-divider-space  fw-custom-space  clearfix\" style=\"height:15px;\" ><\/div><div class=\"fw-text-box tf-sh-9a0c34099a92e7e55373f5837ac4f90c \" >\n\t<div class=\"fw-text-inner\">\n\t\t<p style=\"text-align: center;\">Nehmen Sie einfach Ihr berufliches Weiterkommen selbst in die Hand.<\/p>\n\t<\/div>\n<\/div><div class=\"text-center\">\t<a href=\"\/metall\/unternehmen\/karriere\/initiativbewerbung\/\" target=\"_self\" class=\"fw-btn tf-sh-252e02e481956e35c0527600a94d86b3  fw-btn-md  fw-btn-4\"  style=\"\">\n\t\t<span >\n\t\t\tBewerben Sie sich initiativ!<i class=\"pull-right-icon fa fa-angle-right\" style=\"font-size:12px;\"><\/i>\t\t<\/span>\n\t<\/a>\n<\/div><div class=\"fw-divider-space  fw-custom-space  clearfix\" style=\"height:15px;\" ><\/div>\t<div  class=\"fw-divider tf-sh-074df703e342514fc5ebe82b8036d78b  fw-divider-align-left fw-divider-full-width fw-line-solid fw-divider-line space-md  fw_theme_border_only_color_2\"  style=\"width: auto;  \" ><\/div>\n\t\t<\/div>\n\t<\/div>\n<\/div><div id=\"column-69e17cb5c9c27\" class=\"fw-col-sm-2 fw-mobile-hide-element tf-sh-dc1f36e0d3de8a039c7e2b8f16893b5f  fw-col-no-padding\" >\n\t<div class=\"fw-wrap-col-inner clearfix  \"   >\n\t\t\t\t<div class=\"fw-col-inner\">\n\t\t\t\t\t<\/div>\n\t<\/div>\n<\/div><\/div>\n\n<div class=\"fw-row\">\n\t<div id=\"column-69e17cb5c9cd6\" class=\"fw-col-sm-12 fw-mobile-hide-element tf-sh-a4260584dda59bac0e7ebe370bc6e22e  fw-col-no-padding\" >\n\t<div class=\"fw-wrap-col-inner clearfix  \"   >\n\t\t\t\t<div class=\"fw-col-inner\">\n\t\t\t<div class=\"fw-divider-space  fw-custom-space  clearfix\" style=\"height:100px;\" ><\/div>\t\t<\/div>\n\t<\/div>\n<\/div><\/div>\n\n\t<\/div>\n\t<\/section><section   class=\"fw-main-row-custom fw-section-no-padding  fw-section-height-custom  fw-section-position-back tf-sh-70231717b36f1ba81da71a74654f0900\"  style=\" height: 270px;\"  >\n\t\t\t<div class=\"fw-container\" >\n\t\t<div class=\"fw-row\">\n\t<div id=\"column-69e17cb5c9f2c\" class=\"fw-col-sm-12 fw-mobile-hide-element tf-sh-145adac46ef1a8e8b6da48b520c51059  fw-col-no-padding\" >\n\t<div class=\"fw-wrap-col-inner clearfix  \"   >\n\t\t\t\t<div class=\"fw-col-inner\">\n\t\t\t<div class=\"fw-divider-space  fw-custom-space  clearfix\" style=\"height:100px;\" ><\/div>\t\t<\/div>\n\t<\/div>\n<\/div><\/div>\n\n<div class=\"fw-row\">\n\t<div id=\"column-69e17cb5ca076\" class=\"fw-tablet-hide-element fw-col-sm-4 fw-mobile-hide-element tf-sh-71367d060d9b8ccba08836463470d76f  fw-col-no-padding\" >\n\t<div class=\"fw-wrap-col-inner clearfix  \"   >\n\t\t\t\t<div class=\"fw-col-inner\">\n\t\t\t\t\t<\/div>\n\t<\/div>\n<\/div><div id=\"column-69e17cb5ca0ee\" class=\"fw-col-sm-8 fw-col-md-4 fw-mobile-hide-element tf-sh-50d0b074c84fb4ae27381c679b4c3e65  fw-col-no-padding\" >\n\t<div class=\"fw-wrap-col-inner clearfix  \"   >\n\t\t\t\t<div class=\"fw-col-inner\">\n\t\t\t<div class=\"fw-text-box tf-sh-79f003f56d0cecaf0c484e3a7deb0e5d  fw-animated-element\"  data-animation-type=\"fadeInUp\" data-animation-delay=\"400\">\n\t<div class=\"fw-text-inner\">\n\t\t<p style=\"text-align: center;\">HABEN SIE FRAGEN?<\/p>\n\t<\/div>\n<\/div><div class=\"text-center\">\t<a href=\"\/metall\/kontakt\" target=\"_self\" class=\"fw-btn tf-sh-c9ea3a3eea44fdaf69c58497097f0ffc    fw-animated-element fw-btn-2\"  data-animation-type=\"fadeInUp\" data-animation-delay=\"600\" style=\"width:220px; height:65px; line-height:61px;\">\n\t\t<span style=\"top:0;\">\n\t\t\tKONTAKTIEREN SIE UNS<i class=\"pull-right-icon fa fa-angle-right\" style=\"font-size:16px;\"><\/i>\t\t<\/span>\n\t<\/a>\n<\/div>\t\t<\/div>\n\t<\/div>\n<\/div><div id=\"column-69e17cb5ca27a\" class=\"fw-col-sm-4 tf-sh-52ddacc91db98b40014faf67fbe2b98b  fw-col-no-padding\" >\n\t<div class=\"fw-wrap-col-inner clearfix  \"   >\n\t\t\t\t<div class=\"fw-col-inner\">\n\t\t\t\t\t<\/div>\n\t<\/div>\n<\/div><\/div>\n\n\t<\/div>\n\t<\/section><section   class=\"fw-main-row  auto  fw-section-position-back\"    >\n\t\t\t<div class=\"fw-container\" >\n\t\t<div class=\"fw-row\">\n\t<div id=\"column-69e17cb5ca41d\" class=\"fw-col-sm-12 tf-sh-c755dba32063876ab6a3d0823aa6afb4\" >\n\t<div class=\"fw-wrap-col-inner clearfix  \"   >\n\t\t\t\t<div class=\"fw-col-inner\">\n\t\t\t\t\t<\/div>\n\t<\/div>\n<\/div><\/div>\n\n\t<\/div>\n\t<\/section><\/p>\n","protected":false},"excerpt":{"rendered":"<p>Lust auf Karriere? Starten Sie eine Karriere mit Zukunft! Die Metall Kofler GmbH ist ein international t\u00e4tiges Tiroler Familienunternehmen mit Sitz in Fulpmes im Stubaital. Der Standort ist von Innsbruck in ca. 20-25 Minuten mit dem Auto\u00a0 erreichbar. Auch eine gute Busanbindung mit regelm\u00e4\u00dfigen Abfahrtszeiten und eine Bushaltestelle in der n\u00e4he des Firmenstandortes ist vorhanden. [&hellip;]<\/p>\n","protected":false},"author":1,"featured_media":0,"parent":6102,"menu_order":0,"comment_status":"closed","ping_status":"closed","template":"visual-builder-template.php","meta":{"footnotes":""},"class_list":["post-6496","page","type-page","status-publish","hentry"],"_links":{"self":[{"href":"https:\/\/www.mkofler.at\/metall\/wp-json\/wp\/v2\/pages\/6496","targetHints":{"allow":["GET"]}}],"collection":[{"href":"https:\/\/www.mkofler.at\/metall\/wp-json\/wp\/v2\/pages"}],"about":[{"href":"https:\/\/www.mkofler.at\/metall\/wp-json\/wp\/v2\/types\/page"}],"author":[{"embeddable":true,"href":"https:\/\/www.mkofler.at\/metall\/wp-json\/wp\/v2\/users\/1"}],"replies":[{"embeddable":true,"href":"https:\/\/www.mkofler.at\/metall\/wp-json\/wp\/v2\/comments?post=6496"}],"version-history":[{"count":142,"href":"https:\/\/www.mkofler.at\/metall\/wp-json\/wp\/v2\/pages\/6496\/revisions"}],"predecessor-version":[{"id":7570,"href":"https:\/\/www.mkofler.at\/metall\/wp-json\/wp\/v2\/pages\/6496\/revisions\/7570"}],"up":[{"embeddable":true,"href":"https:\/\/www.mkofler.at\/metall\/wp-json\/wp\/v2\/pages\/6102"}],"wp:attachment":[{"href":"https:\/\/www.mkofler.at\/metall\/wp-json\/wp\/v2\/media?parent=6496"}],"curies":[{"name":"wp","href":"https:\/\/api.w.org\/{rel}","templated":true}]}}