{"id":7546,"date":"2025-07-07T16:18:57","date_gmt":"2025-07-07T14:18:57","guid":{"rendered":"https:\/\/www.mkofler.at\/metall\/?page_id=7546"},"modified":"2025-07-08T08:58:56","modified_gmt":"2025-07-08T06:58:56","slug":"cam","status":"publish","type":"page","link":"https:\/\/www.mkofler.at\/metall\/unternehmen\/karriere\/cam\/","title":{"rendered":"CAM-Programmierer*in und CNC-Maschinenf\u00fchrer*in"},"content":{"rendered":"<p><section   class=\"fw-main-row-custom fw-main-row-top fw-section-no-padding fw-content-overlay-custom fw_theme_bg_fw-custom fw-section-image fw-section-height-custom  fw-mobile-hide-element fw-section-position-back tf-sh-bc9b640fb2625c8ab10de6f4007d0e50 hover-opacity\"  style=\"margin-bottom:-70px; background-image:url(https:\/\/www.mkofler.at\/metall\/wp-content\/uploads\/sites\/2\/2018\/04\/mk_av.jpg); background-repeat: no-repeat; background-position: center center; background-size: cover; height: 550px;\"  >\n\t\t\t<div class=\"fw-container-fluid\" >\n\t\t<div class=\"fw-row\">\n\t<div id=\"column-69d27c7f3c338\" class=\"fw-col-sm-12 fw-mobile-hide-element tf-sh-b079575183cad7c4d4b78bb6b96adfca  fw-col-no-padding\" >\n\t<div class=\"fw-wrap-col-inner clearfix  \"   >\n\t\t\t\t<div class=\"fw-col-inner\">\n\t\t\t\t\t<\/div>\n\t<\/div>\n<\/div><\/div>\n\n\t<\/div>\n\t<\/section><section   class=\"fw-main-row-custom fw-section-no-padding  auto  fw-section-position-back tf-sh-6681e8fc61e0d1580bb201df87d2ed95\"    >\n\t\t\t<div class=\"fw-container\" style=\"background-color:#ffffff;\">\n\t\t<div class=\"fw-row\">\n\t<div id=\"column-69d27c7f3c73d\" class=\"fw-col-sm-9 tf-sh-34235ea5b2a6ffbca34649a27f007c72  fw-col-no-padding\" >\n\t<div class=\"fw-wrap-col-inner clearfix  \"   >\n\t\t\t\t<div class=\"fw-col-inner\">\n\t\t\t\n\t\n\t\t<div class=\"fw-block-image-parent  fw-block-image-right\"  style=\"width: 350px; \">\n\t\t\t<span class=\"fw-block-image-child fw-noratio fw-ratio-container\">\n\t\t\t\t<noscript itemscope itemtype=\"https:\/\/schema.org\/ImageObject\" itemprop=\"image\"><img decoding=\"async\" src=\"https:\/\/www.mkofler.at\/metall\/wp-content\/uploads\/sites\/2\/2025\/03\/Bewirb.png\"  alt=\"Bewirb\" data-maxdpr=\"1.7\" width=\"350\" class=\"lazyload\" \/><meta itemprop=\"url\" content=\"https:\/\/www.mkofler.at\/metall\/wp-content\/uploads\/sites\/2\/2025\/03\/Bewirb.png\"><meta itemprop=\"width\" content=\"409\"><meta itemprop=\"height\" content=\"85\"><\/noscript><img decoding=\"async\" src=\"data:image\/gif;base64,R0lGODlhAQABAIAAAAAAAP\/\/\/yH5BAEAAAAALAAAAAABAAEAAAIBRAA7\" data-sizes=\"auto\" data-srcset=\"https:\/\/www.mkofler.at\/metall\/wp-content\/uploads\/sites\/2\/2025\/03\/Bewirb.png\"   alt=\"Bewirb\" data-maxdpr=\"1.7\" width=\"350\" class=\"lazyload\" \/><span class=\"fw-after-no-ratio\" style=\"padding-bottom: 20.78239608802%\"><\/span>\t\t\t\t\t\t\t<\/span>\n\t\t<\/div>\n\n\t\n<div class=\"fw-divider-space  fw-custom-space  clearfix\" style=\"height:30px;\" ><\/div><div class=\"fw-heading fw-heading-left  fw-animated-element tf-sh-849ae527bba5c9946eddeec09fee16c5\"  data-animation-type=\"fadeInUp\" data-animation-delay=\"200\">\n\t\t\t<h2 class=\"fw-special-title\">CAM-Programmierer*in und CNC-Maschinenf\u00fchrer*in<\/h2>\n\t\n\t\n\t<\/div>\t<div  class=\"fw-divider tf-sh-10a594df5d66982bcf65945f1f74429f  fw-animated-element fw-divider-align-left fw-line-solid fw-divider-line  \"  data-animation-type=\"fadeInLeft\" data-animation-delay=\"200\" style=\"width:86px; padding-top:20px; margin-bottom:30px; border-color:#d3d3d3;\" ><\/div>\n<div class=\"fw-text-box tf-sh-368bf4246d55f20c170d208b05539a57  fw-animated-element\"  data-animation-type=\"fadeInUp\" data-animation-delay=\"200\">\n\t<div class=\"fw-text-inner\">\n\t\t<p><strong>Deine Aufgabengebiete:<\/strong><\/p>\n<ul>\n<li>Erstellen und Optimieren von CNC-Programmen (CAM)<\/li>\n<li>Selbstst\u00e4ndiges R\u00fcsten, Einstellen und Bedienen von 5-Achs CNC-Fr\u00e4smaschinen<\/li>\n<li>Fertigung von Einzelteilen und Kleinserien nach technischer Zeichnung<\/li>\n<li>Qualit\u00e4tskontrolle und Dokumentation<\/li>\n<li>Mitwirkung bei der Prozessoptimierung in der Produktion<\/li>\n<\/ul>\n\t<\/div>\n<\/div><div class=\"fw-divider-space  fw-custom-space  clearfix\" style=\"height:30px;\" ><\/div><div class=\"fw-text-box tf-sh-bf390a432a10c0e8174fed077661ea2c  fw-animated-element\"  data-animation-type=\"fadeInUp\" data-animation-delay=\"200\">\n\t<div class=\"fw-text-inner\">\n\t\t<p><strong>Deine Profil:<\/strong><\/p>\n<ul>\n<li>Abgeschlossene Ausbildung als Facharbeiter*in im Bereich Metalltechnik \/ Maschinenbau<br \/>oder HTL-Abschluss mit Schwerpunkt Maschinenbau<\/li>\n<li>Fundierte Kenntnisse in der Zerspanung (Fr\u00e4sen) von Vorteil<\/li>\n<li>Erfahrung in der CAM-Programmierung (mit hyperMILL und NX) von Vorteil<\/li>\n<li>Selbstst\u00e4ndige, pr\u00e4zise und verantwortungsbewusste Arbeitsweise<\/li>\n<li>Teamf\u00e4higkeit und technisches Verst\u00e4ndnis<\/li>\n<\/ul>\n\t<\/div>\n<\/div><div class=\"fw-divider-space  fw-custom-space  clearfix\" style=\"height:30px;\" ><\/div><div class=\"fw-text-box tf-sh-95caa8538a061360af2ce74e1e4be3a1  fw-animated-element\"  data-animation-type=\"fadeInUp\" data-animation-delay=\"200\">\n\t<div class=\"fw-text-inner\">\n\t\t<p><strong>Was dich erwartet:<\/strong><\/p>\n<ul>\n<li>Ein sicherer Arbeitsplatz in einem famili\u00e4ren, modernen Umfeld<\/li>\n<li>Abwechslungsreiche und verantwortungsvolle T\u00e4tigkeiten<\/li>\n<li>Moderner Maschinenpark und Arbeitsmittel<\/li>\n<li>Weiterbildungsm\u00f6glichkeiten und Entwicklungschancen<\/li>\n<li>Leistungsgerechte Entlohnung (mit Bereitschaft zur \u00dcberzahlung je nach Qualifikation)<\/li>\n<\/ul>\n\t<\/div>\n<\/div><div class=\"fw-divider-space  fw-custom-space  clearfix\" style=\"height:30px;\" ><\/div>\t<a href=\"mailto:karriere@mkofler.at\" target=\"_self\" class=\"fw-btn tf-sh-e63b2dcb9597a4badaa4c660798b438e  fw-btn-md   fw-btn-side-by-side fw-btn-2\"  style=\"\">\n\t\t<span >\n\t\t\tJETZT BEWERBEN\t\t<\/span>\n\t<\/a>\n\t\t<\/div>\n\t<\/div>\n<\/div><div id=\"column-69d27c7f3d5ea\" class=\"fw-col-sm-6 fw-col-md-3 tf-sh-6e432cd79717fc0d276f723af1264437  fw-col-no-padding\" >\n\t<div class=\"fw-wrap-col-inner clearfix  \"   >\n\t\t\t\t<div class=\"fw-col-inner\">\n\t\t\t\n\t\n\t\t<div class=\"fw-block-image-parent  \"  style=\"width: 100%; \">\n\t\t\t<span class=\"fw-block-image-child fw-ratio-3-2 fw-ratio-container\">\n\t\t\t\t<noscript itemscope itemtype=\"https:\/\/schema.org\/ImageObject\" itemprop=\"image\"><img decoding=\"async\" src=\"https:\/\/www.mkofler.at\/metall\/wp-content\/uploads\/sites\/2\/2022\/10\/1-Firmengeb\u00e4ude.jpg\"  alt=\"Firmengeb\u00e4ude\" data-maxdpr=\"1.7\" class=\"lazyload\" \/><meta itemprop=\"url\" content=\"https:\/\/www.mkofler.at\/metall\/wp-content\/uploads\/sites\/2\/2022\/10\/1-Firmengeb\u00e4ude.jpg\"><meta itemprop=\"width\" content=\"1680\"><meta itemprop=\"height\" content=\"1120\"><\/noscript><img decoding=\"async\" src=\"data:image\/gif;base64,R0lGODlhAQABAIAAAAAAAP\/\/\/yH5BAEAAAAALAAAAAABAAEAAAIBRAA7\" data-sizes=\"auto\" data-srcset=\"https:\/\/www.mkofler.at\/metall\/wp-content\/uploads\/sites\/2\/2022\/10\/1-Firmengeb\u00e4ude-300x200.jpg 300w, https:\/\/www.mkofler.at\/metall\/wp-content\/uploads\/sites\/2\/2022\/10\/1-Firmengeb\u00e4ude-1024x683.jpg 1024w, https:\/\/www.mkofler.at\/metall\/wp-content\/uploads\/sites\/2\/2022\/10\/1-Firmengeb\u00e4ude-768x512.jpg 768w, https:\/\/www.mkofler.at\/metall\/wp-content\/uploads\/sites\/2\/2022\/10\/1-Firmengeb\u00e4ude-1536x1024.jpg 1536w, https:\/\/www.mkofler.at\/metall\/wp-content\/uploads\/sites\/2\/2022\/10\/1-Firmengeb\u00e4ude-600x400.jpg 600w, https:\/\/www.mkofler.at\/metall\/wp-content\/uploads\/sites\/2\/2022\/10\/1-Firmengeb\u00e4ude-1200x800.jpg 1200w, https:\/\/www.mkofler.at\/metall\/wp-content\/uploads\/sites\/2\/2022\/10\/1-Firmengeb\u00e4ude.jpg 1680w\"   alt=\"Firmengeb\u00e4ude\" data-maxdpr=\"1.7\" class=\"lazyload\" \/>\t\t\t\t\t\t\t<\/span>\n\t\t<\/div>\n\n\t\n\n\t\n\t\t<div class=\"fw-block-image-parent  \"  style=\"width: 100%; \">\n\t\t\t<span class=\"fw-block-image-child fw-noratio fw-ratio-container\">\n\t\t\t\t<noscript itemscope itemtype=\"https:\/\/schema.org\/ImageObject\" itemprop=\"image\"><img decoding=\"async\" src=\"https:\/\/www.mkofler.at\/metall\/wp-content\/uploads\/sites\/2\/2018\/06\/3-Bohrer-Website-Format.jpg\"  alt=\"3 Bohrer &#8211; Website Format\" data-maxdpr=\"1.7\" class=\"lazyload\" \/><meta itemprop=\"url\" content=\"https:\/\/www.mkofler.at\/metall\/wp-content\/uploads\/sites\/2\/2018\/06\/3-Bohrer-Website-Format.jpg\"><meta itemprop=\"width\" content=\"383\"><meta itemprop=\"height\" content=\"484\"><\/noscript><img decoding=\"async\" src=\"data:image\/gif;base64,R0lGODlhAQABAIAAAAAAAP\/\/\/yH5BAEAAAAALAAAAAABAAEAAAIBRAA7\" data-sizes=\"auto\" data-srcset=\"https:\/\/www.mkofler.at\/metall\/wp-content\/uploads\/sites\/2\/2018\/06\/3-Bohrer-Website-Format.jpg\"   alt=\"3 Bohrer &#8211; Website Format\" data-maxdpr=\"1.7\" class=\"lazyload\" \/><span class=\"fw-after-no-ratio\" style=\"padding-bottom: 126.37075718016%\"><\/span>\t\t\t\t\t\t\t<\/span>\n\t\t<\/div>\n\n\t\n\n\t\n\t\t<div class=\"fw-block-image-parent  \"  style=\"width: 100%; \">\n\t\t\t<span class=\"fw-block-image-child fw-noratio fw-ratio-container\">\n\t\t\t\t<noscript itemscope itemtype=\"https:\/\/schema.org\/ImageObject\" itemprop=\"image\"><img decoding=\"async\" src=\"https:\/\/www.mkofler.at\/metall\/wp-content\/uploads\/sites\/2\/2018\/06\/Inovatools.jpg\"  alt=\"Inovatools\" data-maxdpr=\"1.7\" class=\"lazyload\" \/><meta itemprop=\"url\" content=\"https:\/\/www.mkofler.at\/metall\/wp-content\/uploads\/sites\/2\/2018\/06\/Inovatools.jpg\"><meta itemprop=\"width\" content=\"521\"><meta itemprop=\"height\" content=\"645\"><\/noscript><img decoding=\"async\" src=\"data:image\/gif;base64,R0lGODlhAQABAIAAAAAAAP\/\/\/yH5BAEAAAAALAAAAAABAAEAAAIBRAA7\" data-sizes=\"auto\" data-srcset=\"https:\/\/www.mkofler.at\/metall\/wp-content\/uploads\/sites\/2\/2018\/06\/Inovatools.jpg\"   alt=\"Inovatools\" data-maxdpr=\"1.7\" class=\"lazyload\" \/><span class=\"fw-after-no-ratio\" style=\"padding-bottom: 123.80038387716%\"><\/span>\t\t\t\t\t\t\t<\/span>\n\t\t<\/div>\n\n\t\n\n\t\n\t\t<div class=\"fw-block-image-parent  \"  style=\"width: 100%; \">\n\t\t\t<span class=\"fw-block-image-child fw-noratio fw-ratio-container\">\n\t\t\t\t<noscript itemscope itemtype=\"https:\/\/schema.org\/ImageObject\" itemprop=\"image\"><img decoding=\"async\" src=\"https:\/\/www.mkofler.at\/metall\/wp-content\/uploads\/sites\/2\/2018\/06\/Sonder-Bohrer.jpg\"  alt=\"Sonder Bohrer\" data-maxdpr=\"1.7\" class=\"lazyload\" \/><meta itemprop=\"url\" content=\"https:\/\/www.mkofler.at\/metall\/wp-content\/uploads\/sites\/2\/2018\/06\/Sonder-Bohrer.jpg\"><meta itemprop=\"width\" content=\"440\"><meta itemprop=\"height\" content=\"546\"><\/noscript><img decoding=\"async\" src=\"data:image\/gif;base64,R0lGODlhAQABAIAAAAAAAP\/\/\/yH5BAEAAAAALAAAAAABAAEAAAIBRAA7\" data-sizes=\"auto\" data-srcset=\"https:\/\/www.mkofler.at\/metall\/wp-content\/uploads\/sites\/2\/2018\/06\/Sonder-Bohrer.jpg\"   alt=\"Sonder Bohrer\" data-maxdpr=\"1.7\" class=\"lazyload\" \/><span class=\"fw-after-no-ratio\" style=\"padding-bottom: 124.09090909091%\"><\/span>\t\t\t\t\t\t\t<\/span>\n\t\t<\/div>\n\n\t\n\t\t<\/div>\n\t<\/div>\n<\/div><\/div>\n\n\t<\/div>\n\t<\/section><section  id=\"gallery\" class=\"fw-main-row-custom fw-section-no-padding  auto  fw-section-position-back tf-sh-8ef60bb116c851030d1a23819e8f89de\"    >\n\t\t\t<div class=\"fw-container\" >\n\t\t<div class=\"fw-row\">\n\t<div id=\"column-69d27c7f3f702\" class=\"fw-col-sm-12 fw-mobile-hide-element tf-sh-3f7987e105629a3bfb1faf590c771bd2  fw-col-no-padding\" >\n\t<div class=\"fw-wrap-col-inner clearfix  \"   >\n\t\t\t\t<div class=\"fw-col-inner\">\n\t\t\t<div class=\"fw-gallery clearfix tf-sh-39855e3b8f3b225e1b344f539fc8674d fw-gallery-type2 \" >\n\t<div class=\"fw-gallery-col fw-col-width1\"><div class=\"fw-gallery-image fw-height-md fw-block-image-parent fw-overlay-4  overlay_color_2\" >\n\t\t\t\t\t<a href=\"https:\/\/www.mkofler.at\/metall\/wp-content\/uploads\/sites\/2\/2018\/03\/mkofler_fertigung14.jpg\" data-rel=\"prettyPhoto[fw-gallery-39855e3b8f3b225e1b344f539fc8674d]\" rel=\"prettyPhoto[fw-gallery-39855e3b8f3b225e1b344f539fc8674d]\" class=\"fw-block-image-child fw-ratio-container fw-ratio-3-2 \">\n\t\t\t\t\t\t<noscript itemscope itemtype=\"https:\/\/schema.org\/ImageObject\" itemprop=\"image\"><img decoding=\"async\" src=\"https:\/\/www.mkofler.at\/metall\/wp-content\/uploads\/sites\/2\/2018\/03\/mkofler_fertigung14.jpg\"  alt=\"mkofler_fertigung14\" data-maxdpr=\"1.7\" class=\"attachment-post-thumbnail lazyload\" \/><meta itemprop=\"url\" content=\"https:\/\/www.mkofler.at\/metall\/wp-content\/uploads\/sites\/2\/2018\/03\/mkofler_fertigung14.jpg\"><meta itemprop=\"width\" content=\"850\"><meta itemprop=\"height\" content=\"550\"><\/noscript><img decoding=\"async\" src=\"data:image\/gif;base64,R0lGODlhAQABAIAAAAAAAP\/\/\/yH5BAEAAAAALAAAAAABAAEAAAIBRAA7\" data-sizes=\"auto\" data-srcset=\"https:\/\/www.mkofler.at\/metall\/wp-content\/uploads\/sites\/2\/2018\/03\/mkofler_fertigung14-600x400.jpg 600w\"   alt=\"mkofler_fertigung14\" data-maxdpr=\"1.7\" class=\"attachment-post-thumbnail lazyload\" \/>\n\t\t\t\t\t\t<div class=\"fw-block-image-overlay\">\n\t\t\t\t\t\t\t<div class=\"fw-itable\">\n\t\t\t\t\t\t\t\t<div class=\"fw-icell\">\n\t\t\t\t\t\t\t\t\t<i class=\"fw-icon-zoom\"><\/i>\n\t\t\t\t\t\t\t\t\t<h5 class=\"fw-overlay-title\"><\/h5>\n\t\t\t\t\t\t\t\t\t<p class=\"fw-overlay-description\"><\/p>\n\t\t\t\t\t\t\t\t<\/div>\n\t\t\t\t\t\t\t<\/div>\n\t\t\t\t\t\t<\/div>\n\t\t\t\t\t<\/a>\n\t\t\t\t<\/div><div class=\"fw-gallery-image fw-height-sm fw-block-image-parent fw-overlay-4  overlay_color_1\" >\n\t\t\t\t<a href=\"https:\/\/www.mkofler.at\/metall\/wp-content\/uploads\/sites\/2\/2018\/06\/Martin-Nagele-Website.jpg\" data-rel=\"prettyPhoto[fw-gallery-39855e3b8f3b225e1b344f539fc8674d]\" rel=\"prettyPhoto[fw-gallery-39855e3b8f3b225e1b344f539fc8674d]\" class=\"fw-block-image-child fw-ratio-container fw-ratio-16-9 \">\n\t\t\t\t\t<noscript itemscope itemtype=\"https:\/\/schema.org\/ImageObject\" itemprop=\"image\"><img decoding=\"async\" src=\"https:\/\/www.mkofler.at\/metall\/wp-content\/uploads\/sites\/2\/2018\/06\/Martin-Nagele-Website.jpg\"  alt=\"Martin Nagele &#8211; Website\" data-maxdpr=\"1.7\" class=\"attachment-post-thumbnail lazyload\" \/><meta itemprop=\"url\" content=\"https:\/\/www.mkofler.at\/metall\/wp-content\/uploads\/sites\/2\/2018\/06\/Martin-Nagele-Website.jpg\"><meta itemprop=\"width\" content=\"610\"><meta itemprop=\"height\" content=\"410\"><\/noscript><img decoding=\"async\" src=\"data:image\/gif;base64,R0lGODlhAQABAIAAAAAAAP\/\/\/yH5BAEAAAAALAAAAAABAAEAAAIBRAA7\" data-sizes=\"auto\" data-srcset=\"https:\/\/www.mkofler.at\/metall\/wp-content\/uploads\/sites\/2\/2018\/06\/Martin-Nagele-Website-610x346.jpg 610w, https:\/\/www.mkofler.at\/metall\/wp-content\/uploads\/sites\/2\/2018\/06\/Martin-Nagele-Website-295x166.jpg 295w, https:\/\/www.mkofler.at\/metall\/wp-content\/uploads\/sites\/2\/2018\/06\/Martin-Nagele-Website-590x332.jpg 590w\"   alt=\"Martin Nagele &#8211; Website\" data-maxdpr=\"1.7\" class=\"attachment-post-thumbnail lazyload\" \/>\n\t\t\t\t\t<div class=\"fw-block-image-overlay\">\n\t\t\t\t\t\t<div class=\"fw-itable\">\n\t\t\t\t\t\t\t<div class=\"fw-icell\">\n\t\t\t\t\t\t\t\t<i class=\"fw-icon-zoom\"><\/i>\n\t\t\t\t\t\t\t\t<h5 class=\"fw-overlay-title\"><\/h5>\n\t\t\t\t\t\t\t\t<p class=\"fw-overlay-description\"><\/p>\n\t\t\t\t\t\t\t<\/div>\n\t\t\t\t\t\t<\/div>\n\t\t\t\t\t<\/div>\n\t\t\t\t<\/a>\n\t\t\t<\/div><\/div><div class=\"fw-gallery-col fw-col-width1\"><div class=\"fw-gallery-col fw-col-width2\">\n\t\t\t\t<div class=\"fw-gallery-image fw-height-sm fw-block-image-parent fw-overlay-4  overlay_color_1\" >\n\t\t\t\t\t<a href=\"https:\/\/www.mkofler.at\/metall\/wp-content\/uploads\/sites\/2\/2018\/06\/DSC00641.jpg\" data-rel=\"prettyPhoto[fw-gallery-39855e3b8f3b225e1b344f539fc8674d]\" rel=\"prettyPhoto[fw-gallery-39855e3b8f3b225e1b344f539fc8674d]\" class=\"fw-block-image-child fw-ratio-container fw-ratio-1 \">\n\t\t\t\t\t\t<noscript itemscope itemtype=\"https:\/\/schema.org\/ImageObject\" itemprop=\"image\"><img decoding=\"async\" src=\"https:\/\/www.mkofler.at\/metall\/wp-content\/uploads\/sites\/2\/2018\/06\/DSC00641.jpg\"  alt=\"DSC00641\" data-maxdpr=\"1.7\" class=\"attachment-post-thumbnail lazyload\" \/><meta itemprop=\"url\" content=\"https:\/\/www.mkofler.at\/metall\/wp-content\/uploads\/sites\/2\/2018\/06\/DSC00641.jpg\"><meta itemprop=\"width\" content=\"600\"><meta itemprop=\"height\" content=\"391\"><\/noscript><img decoding=\"async\" src=\"data:image\/gif;base64,R0lGODlhAQABAIAAAAAAAP\/\/\/yH5BAEAAAAALAAAAAABAAEAAAIBRAA7\" data-sizes=\"auto\" data-srcset=\"https:\/\/www.mkofler.at\/metall\/wp-content\/uploads\/sites\/2\/2018\/06\/DSC00641-150x150.jpg 150w, https:\/\/www.mkofler.at\/metall\/wp-content\/uploads\/sites\/2\/2018\/06\/DSC00641-300x300.jpg 300w\"   alt=\"DSC00641\" data-maxdpr=\"1.7\" class=\"attachment-post-thumbnail lazyload\" \/>\n\t\t\t\t\t\t<div class=\"fw-block-image-overlay\">\n\t\t\t\t\t\t\t<div class=\"fw-itable\">\n\t\t\t\t\t\t\t\t<div class=\"fw-icell\">\n\t\t\t\t\t\t\t\t\t<i class=\"fw-icon-zoom\"><\/i>\n\t\t\t\t\t\t\t\t\t<h5 class=\"fw-overlay-title\"><\/h5>\n\t\t\t\t\t\t\t\t\t<p class=\"fw-overlay-description\"><\/p>\n\t\t\t\t\t\t\t\t<\/div>\n\t\t\t\t\t\t\t<\/div>\n\t\t\t\t\t\t<\/div>\n\t\t\t\t\t<\/a>\n\t\t\t\t<\/div>\n\t\t\t<\/div><div class=\"fw-gallery-col fw-col-width2\">\n\t\t\t\t<div class=\"fw-gallery-image fw-height-sm fw-block-image-parent fw-overlay-4  overlay_color_2\" >\n\t\t\t\t\t<a href=\"https:\/\/www.mkofler.at\/metall\/wp-content\/uploads\/sites\/2\/2018\/03\/mkofler_fertigung_text3_gross.jpg\" data-rel=\"prettyPhoto[fw-gallery-39855e3b8f3b225e1b344f539fc8674d]\" rel=\"prettyPhoto[fw-gallery-39855e3b8f3b225e1b344f539fc8674d]\" class=\"fw-block-image-child fw-ratio-container fw-ratio-1 \">\n\t\t\t\t\t\t<noscript itemscope itemtype=\"https:\/\/schema.org\/ImageObject\" itemprop=\"image\"><img decoding=\"async\" src=\"https:\/\/www.mkofler.at\/metall\/wp-content\/uploads\/sites\/2\/2018\/03\/mkofler_fertigung_text3_gross.jpg\"  alt=\"mkofler_fertigung_text3_gross\" data-maxdpr=\"1.7\" class=\"attachment-post-thumbnail lazyload\" \/><meta itemprop=\"url\" content=\"https:\/\/www.mkofler.at\/metall\/wp-content\/uploads\/sites\/2\/2018\/03\/mkofler_fertigung_text3_gross.jpg\"><meta itemprop=\"width\" content=\"1200\"><meta itemprop=\"height\" content=\"1200\"><\/noscript><img decoding=\"async\" src=\"data:image\/gif;base64,R0lGODlhAQABAIAAAAAAAP\/\/\/yH5BAEAAAAALAAAAAABAAEAAAIBRAA7\" data-sizes=\"auto\" data-srcset=\"https:\/\/www.mkofler.at\/metall\/wp-content\/uploads\/sites\/2\/2018\/03\/mkofler_fertigung_text3_gross-150x150.jpg 150w, https:\/\/www.mkofler.at\/metall\/wp-content\/uploads\/sites\/2\/2018\/03\/mkofler_fertigung_text3_gross-300x300.jpg 300w, https:\/\/www.mkofler.at\/metall\/wp-content\/uploads\/sites\/2\/2018\/03\/mkofler_fertigung_text3_gross-768x768.jpg 768w, https:\/\/www.mkofler.at\/metall\/wp-content\/uploads\/sites\/2\/2018\/03\/mkofler_fertigung_text3_gross-1024x1024.jpg 1024w, https:\/\/www.mkofler.at\/metall\/wp-content\/uploads\/sites\/2\/2018\/03\/mkofler_fertigung_text3_gross-800x800.jpg 800w, https:\/\/www.mkofler.at\/metall\/wp-content\/uploads\/sites\/2\/2018\/03\/mkofler_fertigung_text3_gross-300x300.jpg 300w, https:\/\/www.mkofler.at\/metall\/wp-content\/uploads\/sites\/2\/2018\/03\/mkofler_fertigung_text3_gross-300x300.jpg 300w, https:\/\/www.mkofler.at\/metall\/wp-content\/uploads\/sites\/2\/2018\/03\/mkofler_fertigung_text3_gross-600x600.jpg 600w, https:\/\/www.mkofler.at\/metall\/wp-content\/uploads\/sites\/2\/2018\/03\/mkofler_fertigung_text3_gross-100x100.jpg 100w, https:\/\/www.mkofler.at\/metall\/wp-content\/uploads\/sites\/2\/2018\/03\/mkofler_fertigung_text3_gross-300x300.jpg 300w, https:\/\/www.mkofler.at\/metall\/wp-content\/uploads\/sites\/2\/2018\/03\/mkofler_fertigung_text3_gross-600x600.jpg 600w, https:\/\/www.mkofler.at\/metall\/wp-content\/uploads\/sites\/2\/2018\/03\/mkofler_fertigung_text3_gross-100x100.jpg 100w, https:\/\/www.mkofler.at\/metall\/wp-content\/uploads\/sites\/2\/2018\/03\/mkofler_fertigung_text3_gross.jpg 1200w\"   alt=\"mkofler_fertigung_text3_gross\" data-maxdpr=\"1.7\" class=\"attachment-post-thumbnail lazyload\" \/>\n\t\t\t\t\t\t<div class=\"fw-block-image-overlay\">\n\t\t\t\t\t\t\t<div class=\"fw-itable\">\n\t\t\t\t\t\t\t\t<div class=\"fw-icell\">\n\t\t\t\t\t\t\t\t\t<i class=\"fw-icon-zoom\"><\/i>\n\t\t\t\t\t\t\t\t\t<h5 class=\"fw-overlay-title\"><\/h5>\n\t\t\t\t\t\t\t\t\t<p class=\"fw-overlay-description\"><\/p>\n\t\t\t\t\t\t\t\t<\/div>\n\t\t\t\t\t\t\t<\/div>\n\t\t\t\t\t\t<\/div>\n\t\t\t\t\t<\/a>\n\t\t\t\t<\/div>\n\t\t\t<\/div><div class=\"fw-gallery-image fw-height-md fw-block-image-parent fw-overlay-4  overlay_color_2\" >\n\t\t\t\t<a href=\"https:\/\/www.mkofler.at\/metall\/wp-content\/uploads\/sites\/2\/2018\/03\/mkofler_fertigung06-1.jpg\" data-rel=\"prettyPhoto[fw-gallery-39855e3b8f3b225e1b344f539fc8674d]\" rel=\"prettyPhoto[fw-gallery-39855e3b8f3b225e1b344f539fc8674d]\" class=\"fw-block-image-child fw-ratio-container fw-ratio-3-2 \">\n\t\t\t\t\t<noscript itemscope itemtype=\"https:\/\/schema.org\/ImageObject\" itemprop=\"image\"><img decoding=\"async\" src=\"https:\/\/www.mkofler.at\/metall\/wp-content\/uploads\/sites\/2\/2018\/03\/mkofler_fertigung06-1.jpg\"  alt=\"mkofler_fertigung06\" data-maxdpr=\"1.7\" class=\"attachment-post-thumbnail lazyload\" \/><meta itemprop=\"url\" content=\"https:\/\/www.mkofler.at\/metall\/wp-content\/uploads\/sites\/2\/2018\/03\/mkofler_fertigung06-1.jpg\"><meta itemprop=\"width\" content=\"850\"><meta itemprop=\"height\" content=\"550\"><\/noscript><img decoding=\"async\" src=\"data:image\/gif;base64,R0lGODlhAQABAIAAAAAAAP\/\/\/yH5BAEAAAAALAAAAAABAAEAAAIBRAA7\" data-sizes=\"auto\" data-srcset=\"https:\/\/www.mkofler.at\/metall\/wp-content\/uploads\/sites\/2\/2018\/03\/mkofler_fertigung06-1-600x400.jpg 600w\"   alt=\"mkofler_fertigung06\" data-maxdpr=\"1.7\" class=\"attachment-post-thumbnail lazyload\" \/>\n\t\t\t\t\t<div class=\"fw-block-image-overlay\">\n\t\t\t\t\t\t<div class=\"fw-itable\">\n\t\t\t\t\t\t\t<div class=\"fw-icell\">\n\t\t\t\t\t\t\t\t<i class=\"fw-icon-zoom\"><\/i>\n\t\t\t\t\t\t\t\t<h5 class=\"fw-overlay-title\"><\/h5>\n\t\t\t\t\t\t\t\t<p class=\"fw-overlay-description\"><\/p>\n\t\t\t\t\t\t\t<\/div>\n\t\t\t\t\t\t<\/div>\n\t\t\t\t\t<\/div>\n\t\t\t\t<\/a>\n\t\t\t<\/div><\/div><\/div>\t\t<\/div>\n\t<\/div>\n<\/div><\/div>\n\n\t<\/div>\n\t<\/section><section   class=\"fw-main-row-custom fw-section-no-padding  fw_theme_bg_color_5 fw-section-height-custom  fw-section-position-back tf-sh-9e15a40d9e5ff3f997a7bac271363262\"  style=\" height: 270px;\"  >\n\t\t\t<div class=\"fw-container\" >\n\t\t<div class=\"fw-row\">\n\t<div id=\"column-69d27c7f43ea2\" class=\"fw-col-sm-12 fw-mobile-hide-element tf-sh-145adac46ef1a8e8b6da48b520c51059  fw-col-no-padding\" >\n\t<div class=\"fw-wrap-col-inner clearfix  \"   >\n\t\t\t\t<div class=\"fw-col-inner\">\n\t\t\t<div class=\"fw-divider-space  fw-custom-space  fw-mobile-hide-element clearfix\" style=\"height:100px;\" ><\/div>\t\t<\/div>\n\t<\/div>\n<\/div><\/div>\n\n<div class=\"fw-row\">\n\t<div id=\"column-69d27c7f4436c\" class=\"fw-tablet-hide-element fw-col-sm-4 fw-mobile-hide-element tf-sh-71367d060d9b8ccba08836463470d76f  fw-col-no-padding\" >\n\t<div class=\"fw-wrap-col-inner clearfix  \"   >\n\t\t\t\t<div class=\"fw-col-inner\">\n\t\t\t\t\t<\/div>\n\t<\/div>\n<\/div><div id=\"column-69d27c7f444b7\" class=\"fw-col-sm-8 fw-col-md-4 fw-mobile-hide-element tf-sh-50d0b074c84fb4ae27381c679b4c3e65  fw-col-no-padding\" >\n\t<div class=\"fw-wrap-col-inner clearfix  \"   >\n\t\t\t\t<div class=\"fw-col-inner\">\n\t\t\t<div class=\"text-center\">\t<a href=\"https:\/\/www.mkofler.at\/metall\/unternehmen\/karriere\/\" target=\"_self\" class=\"fw-btn tf-sh-c9ea3a3eea44fdaf69c58497097f0ffc     fw-animated-element fw-btn-2\"  data-animation-type=\"fadeInUp\" data-animation-delay=\"600\" style=\"width:196px; height:65px; line-height:61px;\">\n\t\t<span style=\"top:0;\">\n\t\t\t<i class=\"pull-left-icon fa fa-angle-left\" style=\"font-size:16px;\"><\/i>ZUR\u00dcCK\t\t<\/span>\n\t<\/a>\n<\/div>\t\t<\/div>\n\t<\/div>\n<\/div><div id=\"column-69d27c7f448a5\" class=\"fw-col-sm-4 tf-sh-52ddacc91db98b40014faf67fbe2b98b  fw-col-no-padding\" >\n\t<div class=\"fw-wrap-col-inner clearfix  \"   >\n\t\t\t\t<div class=\"fw-col-inner\">\n\t\t\t\t\t<\/div>\n\t<\/div>\n<\/div><\/div>\n\n\t<\/div>\n\t<\/section><\/p>\n","protected":false},"excerpt":{"rendered":"<p>CAM-Programmierer*in und CNC-Maschinenf\u00fchrer*in Deine Aufgabengebiete: Erstellen und Optimieren von CNC-Programmen (CAM) Selbstst\u00e4ndiges R\u00fcsten, Einstellen und Bedienen von 5-Achs CNC-Fr\u00e4smaschinen Fertigung von Einzelteilen und Kleinserien nach technischer Zeichnung Qualit\u00e4tskontrolle und Dokumentation Mitwirkung bei der Prozessoptimierung in der Produktion Deine Profil: Abgeschlossene Ausbildung als Facharbeiter*in im Bereich Metalltechnik \/ Maschinenbauoder HTL-Abschluss mit Schwerpunkt Maschinenbau Fundierte Kenntnisse in [&hellip;]<\/p>\n","protected":false},"author":2,"featured_media":0,"parent":6496,"menu_order":0,"comment_status":"closed","ping_status":"closed","template":"visual-builder-template.php","meta":{"footnotes":""},"class_list":["post-7546","page","type-page","status-publish","hentry"],"_links":{"self":[{"href":"https:\/\/www.mkofler.at\/metall\/wp-json\/wp\/v2\/pages\/7546","targetHints":{"allow":["GET"]}}],"collection":[{"href":"https:\/\/www.mkofler.at\/metall\/wp-json\/wp\/v2\/pages"}],"about":[{"href":"https:\/\/www.mkofler.at\/metall\/wp-json\/wp\/v2\/types\/page"}],"author":[{"embeddable":true,"href":"https:\/\/www.mkofler.at\/metall\/wp-json\/wp\/v2\/users\/2"}],"replies":[{"embeddable":true,"href":"https:\/\/www.mkofler.at\/metall\/wp-json\/wp\/v2\/comments?post=7546"}],"version-history":[{"count":6,"href":"https:\/\/www.mkofler.at\/metall\/wp-json\/wp\/v2\/pages\/7546\/revisions"}],"predecessor-version":[{"id":7552,"href":"https:\/\/www.mkofler.at\/metall\/wp-json\/wp\/v2\/pages\/7546\/revisions\/7552"}],"up":[{"embeddable":true,"href":"https:\/\/www.mkofler.at\/metall\/wp-json\/wp\/v2\/pages\/6496"}],"wp:attachment":[{"href":"https:\/\/www.mkofler.at\/metall\/wp-json\/wp\/v2\/media?parent=7546"}],"curies":[{"name":"wp","href":"https:\/\/api.w.org\/{rel}","templated":true}]}}